{"id":10754,"date":"2021-05-06T17:43:50","date_gmt":"2021-05-06T15:43:50","guid":{"rendered":"https:\/\/www.unpetitoiseaudanslacuisine.com\/?page_id=10754"},"modified":"2021-05-09T17:41:47","modified_gmt":"2021-05-09T15:41:47","slug":"portfolio","status":"publish","type":"page","link":"https:\/\/www.unpetitoiseaudanslacuisine.com\/en\/portfolio\/","title":{"rendered":"Portfolio"},"content":{"rendered":"<h2><a href=\"https:\/\/www.unpetitoiseaudanslacuisine.com\/en\/portfolio\/portfolio-creation-recettes\/\">RECIPES CREATION<\/a><\/h2>\n<p>\t\t\t\t\t\t\t\t\t\t\t\t\t\t\t<img loading=\"lazy\" decoding=\"async\" width=\"750\" height=\"997\" src=\"https:\/\/i0.wp.com\/www.unpetitoiseaudanslacuisine.com\/wp-content\/uploads\/2021\/05\/da94a1e4-e5f7-430d-9517-5e968ac4c07b.jpg?resize=750%2C997&#038;ssl=1\" alt=\"\" loading=\"lazy\" srcset=\"https:\/\/i0.wp.com\/www.unpetitoiseaudanslacuisine.com\/wp-content\/uploads\/2021\/05\/da94a1e4-e5f7-430d-9517-5e968ac4c07b.jpg?resize=750%2C997&#038;ssl=1 770w, https:\/\/www.unpetitoiseaudanslacuisine.com\/wp-content\/uploads\/2021\/05\/da94a1e4-e5f7-430d-9517-5e968ac4c07b-225x300.jpg 225w, https:\/\/www.unpetitoiseaudanslacuisine.com\/wp-content\/uploads\/2021\/05\/da94a1e4-e5f7-430d-9517-5e968ac4c07b-768x1022.jpg 768w, https:\/\/www.unpetitoiseaudanslacuisine.com\/wp-content\/uploads\/2021\/05\/da94a1e4-e5f7-430d-9517-5e968ac4c07b-41x55.jpg 41w, https:\/\/www.unpetitoiseaudanslacuisine.com\/wp-content\/uploads\/2021\/05\/da94a1e4-e5f7-430d-9517-5e968ac4c07b-1154x1536.jpg 1154w, https:\/\/www.unpetitoiseaudanslacuisine.com\/wp-content\/uploads\/2021\/05\/da94a1e4-e5f7-430d-9517-5e968ac4c07b-1539x2048.jpg 1539w, https:\/\/www.unpetitoiseaudanslacuisine.com\/wp-content\/uploads\/2021\/05\/da94a1e4-e5f7-430d-9517-5e968ac4c07b-750x998.jpg 750w, https:\/\/www.unpetitoiseaudanslacuisine.com\/wp-content\/uploads\/2021\/05\/da94a1e4-e5f7-430d-9517-5e968ac4c07b-scaled.jpg 1924w\" sizes=\"auto, (max-width: 750px) 100vw, 750px\" data-recalc-dims=\"1\" \/><br \/>\n\t\t\t<a href=\"https:\/\/www.unpetitoiseaudanslacuisine.com\/en\/portfolio\/portfolio-creation-recettes\/\" role=\"button\"><br \/>\n\t\t\t\t\t\tFor recipes portfolio, click here<br \/>\n\t\t\t\t\t<\/a><\/p>\n<h2><a href=\"https:\/\/www.unpetitoiseaudanslacuisine.com\/en\/portfolio\/portfolio-produits\/\">PRODUCTS PHOTOGRAPHIES<\/a><\/h2>\n<p>\t\t\t\t\t\t\t\t\t\t\t\t\t\t\t<img loading=\"lazy\" decoding=\"async\" width=\"750\" height=\"999\" src=\"https:\/\/i0.wp.com\/www.unpetitoiseaudanslacuisine.com\/wp-content\/uploads\/2021\/04\/IMG_2009.jpg?resize=750%2C999&#038;ssl=1\" alt=\"\" loading=\"lazy\" srcset=\"https:\/\/i0.wp.com\/www.unpetitoiseaudanslacuisine.com\/wp-content\/uploads\/2021\/04\/IMG_2009.jpg?resize=750%2C999&#038;ssl=1 769w, https:\/\/www.unpetitoiseaudanslacuisine.com\/wp-content\/uploads\/2021\/04\/IMG_2009-225x300.jpg 225w, https:\/\/www.unpetitoiseaudanslacuisine.com\/wp-content\/uploads\/2021\/04\/IMG_2009-768x1022.jpg 768w, https:\/\/www.unpetitoiseaudanslacuisine.com\/wp-content\/uploads\/2021\/04\/IMG_2009-41x55.jpg 41w, https:\/\/www.unpetitoiseaudanslacuisine.com\/wp-content\/uploads\/2021\/04\/IMG_2009-1154x1536.jpg 1154w, https:\/\/www.unpetitoiseaudanslacuisine.com\/wp-content\/uploads\/2021\/04\/IMG_2009-1539x2048.jpg 1539w, https:\/\/www.unpetitoiseaudanslacuisine.com\/wp-content\/uploads\/2021\/04\/IMG_2009-750x998.jpg 750w, https:\/\/www.unpetitoiseaudanslacuisine.com\/wp-content\/uploads\/2021\/04\/IMG_2009-scaled.jpg 1924w\" sizes=\"auto, (max-width: 750px) 100vw, 750px\" data-recalc-dims=\"1\" \/><br \/>\n\t\t\t<a href=\"https:\/\/www.unpetitoiseaudanslacuisine.com\/en\/portfolio\/portfolio-produits\/\" role=\"button\"><br \/>\n\t\t\t\t\t\tFor products portfolio, click here<br \/>\n\t\t\t\t\t<\/a><\/p>\n","protected":false},"excerpt":{"rendered":"<p>RECIPES CREATION For recipes portfolio, click here PRODUCTS PHOTOGRAPHIES For products portfolio, click here<\/p>\n","protected":false},"author":2,"featured_media":0,"parent":0,"menu_order":0,"comment_status":"closed","ping_status":"closed","template":"","meta":{"wprm-recipe-roundup-name":"","wprm-recipe-roundup-description":"","_exactmetrics_skip_tracking":false,"_exactmetrics_sitenote_active":false,"_exactmetrics_sitenote_note":"","_exactmetrics_sitenote_category":0,"jetpack_post_was_ever_published":false,"footnotes":""},"class_list":["post-10754","page","type-page","status-publish","hentry"],"translation":{"provider":"WPGlobus","version":"2.10.10","language":"en","enabled_languages":["fr","en"],"languages":{"fr":{"title":true,"content":true,"excerpt":false},"en":{"title":true,"content":true,"excerpt":false}}},"yoast_head":"<!-- This site is optimized with the Yoast SEO Premium plugin v19.5 (Yoast SEO v20.5) - https:\/\/yoast.com\/wordpress\/plugins\/seo\/ -->\n<title>Portfolio - Un petit Oiseau dans la Cuisine<\/title>\n<meta name=\"robots\" content=\"index, follow, max-snippet:-1, max-image-preview:large, max-video-preview:-1\" \/>\n<link rel=\"canonical\" href=\"https:\/\/www.unpetitoiseaudanslacuisine.com\/portfolio\/\" \/>\n<meta property=\"og:locale\" content=\"en_US\" \/>\n<meta property=\"og:type\" content=\"article\" \/>\n<meta property=\"og:title\" content=\"Portfolio - Un petit Oiseau dans la Cuisine\" \/>\n<meta property=\"og:url\" content=\"https:\/\/www.unpetitoiseaudanslacuisine.com\/portfolio\/\" \/>\n<meta property=\"og:site_name\" content=\"Un petit Oiseau dans la Cuisine\" \/>\n<meta property=\"article:publisher\" content=\"https:\/\/www.facebook.com\/unpetitoiseaudanslacuisine?ref=hl\" \/>\n<meta property=\"article:modified_time\" content=\"2021-05-09T15:41:47+00:00\" \/>\n<meta property=\"og:image\" content=\"https:\/\/www.unpetitoiseaudanslacuisine.com\/wp-content\/uploads\/2021\/05\/da94a1e4-e5f7-430d-9517-5e968ac4c07b-770x1024.jpg\" \/>\n<meta name=\"twitter:card\" content=\"summary_large_image\" \/>\n<meta name=\"twitter:site\" content=\"@Blakprada\" \/>\n<script type=\"application\/ld+json\" class=\"yoast-schema-graph\">{\"@context\":\"https:\/\/schema.org\",\"@graph\":[{\"@type\":\"WebPage\",\"@id\":\"https:\/\/www.unpetitoiseaudanslacuisine.com\/portfolio\/\",\"url\":\"https:\/\/www.unpetitoiseaudanslacuisine.com\/portfolio\/\",\"name\":\"Portfolio - Un petit Oiseau dans la Cuisine\",\"isPartOf\":{\"@id\":\"https:\/\/www.unpetitoiseaudanslacuisine.com\/#website\"},\"datePublished\":\"2021-05-06T15:43:50+00:00\",\"dateModified\":\"2021-05-09T15:41:47+00:00\",\"breadcrumb\":{\"@id\":\"https:\/\/www.unpetitoiseaudanslacuisine.com\/portfolio\/#breadcrumb\"},\"inLanguage\":\"en-US\",\"potentialAction\":[{\"@type\":\"ReadAction\",\"target\":[\"https:\/\/www.unpetitoiseaudanslacuisine.com\/portfolio\/\"]}]},{\"@type\":\"BreadcrumbList\",\"@id\":\"https:\/\/www.unpetitoiseaudanslacuisine.com\/portfolio\/#breadcrumb\",\"itemListElement\":[{\"@type\":\"ListItem\",\"position\":1,\"name\":\"Accueil\",\"item\":\"https:\/\/www.unpetitoiseaudanslacuisine.com\/\"},{\"@type\":\"ListItem\",\"position\":2,\"name\":\"Portfolio\"}]},{\"@type\":\"WebSite\",\"@id\":\"https:\/\/www.unpetitoiseaudanslacuisine.com\/#website\",\"url\":\"https:\/\/www.unpetitoiseaudanslacuisine.com\/\",\"name\":\"Un petit Oiseau dans la Cuisine\",\"description\":\"Amazing food for healthy people\",\"publisher\":{\"@id\":\"https:\/\/www.unpetitoiseaudanslacuisine.com\/#organization\"},\"potentialAction\":[{\"@type\":\"SearchAction\",\"target\":{\"@type\":\"EntryPoint\",\"urlTemplate\":\"https:\/\/www.unpetitoiseaudanslacuisine.com\/?s={search_term_string}\"},\"query-input\":\"required name=search_term_string\"}],\"inLanguage\":\"en-US\"},{\"@type\":\"Organization\",\"@id\":\"https:\/\/www.unpetitoiseaudanslacuisine.com\/#organization\",\"name\":\"Un petit Oiseau dans la Cuisine\",\"url\":\"https:\/\/www.unpetitoiseaudanslacuisine.com\/\",\"logo\":{\"@type\":\"ImageObject\",\"inLanguage\":\"en-US\",\"@id\":\"https:\/\/www.unpetitoiseaudanslacuisine.com\/#\/schema\/logo\/image\/\",\"url\":\"https:\/\/www.unpetitoiseaudanslacuisine.com\/wp-content\/uploads\/2019\/12\/Copy-of-Copy-of-Copy-of-Copy-of-Copy-of-Copy-of-Copy-of-Copy-of-Copy-of-Copy-of-LOGO-3.png\",\"contentUrl\":\"https:\/\/www.unpetitoiseaudanslacuisine.com\/wp-content\/uploads\/2019\/12\/Copy-of-Copy-of-Copy-of-Copy-of-Copy-of-Copy-of-Copy-of-Copy-of-Copy-of-Copy-of-LOGO-3.png\",\"width\":960,\"height\":540,\"caption\":\"Un petit Oiseau dans la Cuisine\"},\"image\":{\"@id\":\"https:\/\/www.unpetitoiseaudanslacuisine.com\/#\/schema\/logo\/image\/\"},\"sameAs\":[\"https:\/\/www.facebook.com\/unpetitoiseaudanslacuisine?ref=hl\",\"https:\/\/twitter.com\/Blakprada\"]}]}<\/script>\n<!-- \/ Yoast SEO Premium plugin. -->","yoast_head_json":{"title":"Portfolio - Un petit Oiseau dans la Cuisine","robots":{"index":"index","follow":"follow","max-snippet":"max-snippet:-1","max-image-preview":"max-image-preview:large","max-video-preview":"max-video-preview:-1"},"canonical":"https:\/\/www.unpetitoiseaudanslacuisine.com\/portfolio\/","og_locale":"en_US","og_type":"article","og_title":"Portfolio - Un petit Oiseau dans la Cuisine","og_url":"https:\/\/www.unpetitoiseaudanslacuisine.com\/portfolio\/","og_site_name":"Un petit Oiseau dans la Cuisine","article_publisher":"https:\/\/www.facebook.com\/unpetitoiseaudanslacuisine?ref=hl","article_modified_time":"2021-05-09T15:41:47+00:00","og_image":[{"url":"https:\/\/www.unpetitoiseaudanslacuisine.com\/wp-content\/uploads\/2021\/05\/da94a1e4-e5f7-430d-9517-5e968ac4c07b-770x1024.jpg"}],"twitter_card":"summary_large_image","twitter_site":"@Blakprada","schema":{"@context":"https:\/\/schema.org","@graph":[{"@type":"WebPage","@id":"https:\/\/www.unpetitoiseaudanslacuisine.com\/portfolio\/","url":"https:\/\/www.unpetitoiseaudanslacuisine.com\/portfolio\/","name":"Portfolio - Un petit Oiseau dans la Cuisine","isPartOf":{"@id":"https:\/\/www.unpetitoiseaudanslacuisine.com\/#website"},"datePublished":"2021-05-06T15:43:50+00:00","dateModified":"2021-05-09T15:41:47+00:00","breadcrumb":{"@id":"https:\/\/www.unpetitoiseaudanslacuisine.com\/portfolio\/#breadcrumb"},"inLanguage":"en-US","potentialAction":[{"@type":"ReadAction","target":["https:\/\/www.unpetitoiseaudanslacuisine.com\/portfolio\/"]}]},{"@type":"BreadcrumbList","@id":"https:\/\/www.unpetitoiseaudanslacuisine.com\/portfolio\/#breadcrumb","itemListElement":[{"@type":"ListItem","position":1,"name":"Accueil","item":"https:\/\/www.unpetitoiseaudanslacuisine.com\/"},{"@type":"ListItem","position":2,"name":"Portfolio"}]},{"@type":"WebSite","@id":"https:\/\/www.unpetitoiseaudanslacuisine.com\/#website","url":"https:\/\/www.unpetitoiseaudanslacuisine.com\/","name":"Un petit Oiseau dans la Cuisine","description":"Amazing food for healthy people","publisher":{"@id":"https:\/\/www.unpetitoiseaudanslacuisine.com\/#organization"},"potentialAction":[{"@type":"SearchAction","target":{"@type":"EntryPoint","urlTemplate":"https:\/\/www.unpetitoiseaudanslacuisine.com\/?s={search_term_string}"},"query-input":"required name=search_term_string"}],"inLanguage":"en-US"},{"@type":"Organization","@id":"https:\/\/www.unpetitoiseaudanslacuisine.com\/#organization","name":"Un petit Oiseau dans la Cuisine","url":"https:\/\/www.unpetitoiseaudanslacuisine.com\/","logo":{"@type":"ImageObject","inLanguage":"en-US","@id":"https:\/\/www.unpetitoiseaudanslacuisine.com\/#\/schema\/logo\/image\/","url":"https:\/\/www.unpetitoiseaudanslacuisine.com\/wp-content\/uploads\/2019\/12\/Copy-of-Copy-of-Copy-of-Copy-of-Copy-of-Copy-of-Copy-of-Copy-of-Copy-of-Copy-of-LOGO-3.png","contentUrl":"https:\/\/www.unpetitoiseaudanslacuisine.com\/wp-content\/uploads\/2019\/12\/Copy-of-Copy-of-Copy-of-Copy-of-Copy-of-Copy-of-Copy-of-Copy-of-Copy-of-Copy-of-LOGO-3.png","width":960,"height":540,"caption":"Un petit Oiseau dans la Cuisine"},"image":{"@id":"https:\/\/www.unpetitoiseaudanslacuisine.com\/#\/schema\/logo\/image\/"},"sameAs":["https:\/\/www.facebook.com\/unpetitoiseaudanslacuisine?ref=hl","https:\/\/twitter.com\/Blakprada"]}]}},"jetpack_sharing_enabled":true,"jetpack_shortlink":"https:\/\/wp.me\/P87SV0-2Ns","jetpack-related-posts":[{"id":10927,"url":"https:\/\/www.unpetitoiseaudanslacuisine.com\/en\/portfolio\/portfolio-creation-recettes\/","url_meta":{"origin":10754,"position":0},"title":"Portfolio Recipes creation","date":"9 May 2021","format":false,"excerpt":"{:fr} {:}{:en} {:}","rel":"","context":"Similar post","img":{"alt_text":"","src":"https:\/\/i0.wp.com\/www.unpetitoiseaudanslacuisine.com\/wp-content\/uploads\/2021\/05\/IMG_6614-225x300.jpg?resize=350%2C200&ssl=1","width":350,"height":200},"classes":[]},{"id":10953,"url":"https:\/\/www.unpetitoiseaudanslacuisine.com\/en\/portfolio\/portfolio-produits\/","url_meta":{"origin":10754,"position":1},"title":"Portfolio Products","date":"9 May 2021","format":false,"excerpt":"","rel":"","context":"Similar post","img":{"alt_text":"","src":"https:\/\/i0.wp.com\/www.unpetitoiseaudanslacuisine.com\/wp-content\/uploads\/2021\/05\/IMG_6329-200x300.jpg?resize=350%2C200&ssl=1","width":350,"height":200},"classes":[]},{"id":10752,"url":"https:\/\/www.unpetitoiseaudanslacuisine.com\/en\/blog-culinaire\/","url_meta":{"origin":10754,"position":2},"title":"Blog culinaire","date":"6 May 2021","format":false,"excerpt":"{:fr}RECETTES SALEES RECETTES SUCREES DERNIERES RECETTES{:}{:en}SAVOURY RECIPES SWEET RECIPES LAST RECIPES{:}","rel":"","context":"Similar post","img":{"alt_text":"","src":"","width":0,"height":0},"classes":[]},{"id":10563,"url":"https:\/\/www.unpetitoiseaudanslacuisine.com\/en\/travailler-avec-moi-2\/travailler-avec-moi\/","url_meta":{"origin":10754,"position":3},"title":"My offers","date":"30 April 2021","format":false,"excerpt":"{:fr}Photographie culinaire En tant que photographe culinaire, je mets en valeurs vos produits, votre restaurant, vos services \u00e0 travers un stylisme culinaire qui correspond \u00e0 votre image et vos besoins. Je sublime vos produits ou vos cr\u00e9ations et capture l'image qui permettra \u00e0 votre audience d'\u00eatre captiv\u00e9e et attir\u00e9e par\u2026","rel":"","context":"Similar post","img":{"alt_text":"","src":"https:\/\/i0.wp.com\/www.unpetitoiseaudanslacuisine.com\/wp-content\/uploads\/cache\/2021\/04\/IMG_1039-scaled\/1706121872.jpg?resize=350%2C200&ssl=1","width":350,"height":200},"classes":[]},{"id":262,"url":"https:\/\/www.unpetitoiseaudanslacuisine.com\/en\/about\/","url_meta":{"origin":10754,"position":4},"title":"About","date":"20 August 2015","format":false,"excerpt":"{:fr}Une passion pour la cuisine, le partage et la photographie culinaire Je suis Eva, auteure du blog culinaire, Un petit Oiseau dans la Cuisine, photographe, styliste et cr\u00e9atrice d'\u00e9v\u00e8nement culinaire. Du d\u00e9veloppement de recettes, en passant par la mise en sc\u00e8ne et la photographie culinaire, \u00e0 la r\u00e9alisation d'ateliers culinaires\u2026","rel":"","context":"Similar post","img":{"alt_text":"","src":"https:\/\/i0.wp.com\/www.unpetitoiseaudanslacuisine.com\/wp-content\/uploads\/cache\/2015\/08\/Image-1\/2419870566.jpg?resize=350%2C200&ssl=1","width":350,"height":200},"classes":[]},{"id":1645,"url":"https:\/\/www.unpetitoiseaudanslacuisine.com\/en\/newsletter\/","url_meta":{"origin":10754,"position":5},"title":"Newsletter","date":"22 September 2015","format":false,"excerpt":"{:fr} Une Newsletter ? Vite inscrivez vous ! Adresse email: {:}{:en} A Newsletter ? Hurry up and subscribe ! Email Address: {:}","rel":"","context":"Similar post","img":{"alt_text":"","src":"https:\/\/i0.wp.com\/www.unpetitoiseaudanslacuisine.com\/wp-content\/uploads\/2015\/08\/IMG_33764.jpg?resize=350%2C200&ssl=1","width":350,"height":200},"classes":[]}],"_links":{"self":[{"href":"https:\/\/www.unpetitoiseaudanslacuisine.com\/en\/wp-json\/wp\/v2\/pages\/10754","targetHints":{"allow":["GET"]}}],"collection":[{"href":"https:\/\/www.unpetitoiseaudanslacuisine.com\/en\/wp-json\/wp\/v2\/pages"}],"about":[{"href":"https:\/\/www.unpetitoiseaudanslacuisine.com\/en\/wp-json\/wp\/v2\/types\/page"}],"author":[{"embeddable":true,"href":"https:\/\/www.unpetitoiseaudanslacuisine.com\/en\/wp-json\/wp\/v2\/users\/2"}],"replies":[{"embeddable":true,"href":"https:\/\/www.unpetitoiseaudanslacuisine.com\/en\/wp-json\/wp\/v2\/comments?post=10754"}],"version-history":[{"count":3,"href":"https:\/\/www.unpetitoiseaudanslacuisine.com\/en\/wp-json\/wp\/v2\/pages\/10754\/revisions"}],"predecessor-version":[{"id":11060,"href":"https:\/\/www.unpetitoiseaudanslacuisine.com\/en\/wp-json\/wp\/v2\/pages\/10754\/revisions\/11060"}],"wp:attachment":[{"href":"https:\/\/www.unpetitoiseaudanslacuisine.com\/en\/wp-json\/wp\/v2\/media?parent=10754"}],"curies":[{"name":"wp","href":"https:\/\/api.w.org\/{rel}","templated":true}]}}