{"id":1645,"date":"2015-09-22T19:19:02","date_gmt":"2015-09-22T17:19:02","guid":{"rendered":"https:\/\/www.unpetitoiseaudanslacuisine.com\/?page_id=1645"},"modified":"2015-09-22T19:20:40","modified_gmt":"2015-09-22T17:20:40","slug":"newsletter","status":"publish","type":"page","link":"https:\/\/www.unpetitoiseaudanslacuisine.com\/en\/newsletter\/","title":{"rendered":"Newsletter"},"content":{"rendered":"<p><a href=\"https:\/\/i0.wp.com\/www.unpetitoiseaudanslacuisine.com\/wp-content\/uploads\/2015\/08\/IMG_33764.jpg?ssl=1\"><img fetchpriority=\"high\" decoding=\"async\" data-attachment-id=\"1029\" data-permalink=\"https:\/\/www.unpetitoiseaudanslacuisine.com\/en\/newsletter\/img_3376-5\/\" data-orig-file=\"https:\/\/i0.wp.com\/www.unpetitoiseaudanslacuisine.com\/wp-content\/uploads\/2015\/08\/IMG_33764.jpg?fit=728%2C206&amp;ssl=1\" data-orig-size=\"728,206\" data-comments-opened=\"1\" data-image-meta=\"{&quot;aperture&quot;:&quot;2.4&quot;,&quot;credit&quot;:&quot;&quot;,&quot;camera&quot;:&quot;iPhone 4S&quot;,&quot;caption&quot;:&quot;&quot;,&quot;created_timestamp&quot;:&quot;1405003573&quot;,&quot;copyright&quot;:&quot;&quot;,&quot;focal_length&quot;:&quot;4.28&quot;,&quot;iso&quot;:&quot;50&quot;,&quot;shutter_speed&quot;:&quot;0.00039793076004775&quot;,&quot;title&quot;:&quot;&quot;,&quot;orientation&quot;:&quot;1&quot;}\" data-image-title=\"Un petit oiseau dans la cuisine\" data-image-description=\"\" data-image-caption=\"\" data-medium-file=\"https:\/\/i0.wp.com\/www.unpetitoiseaudanslacuisine.com\/wp-content\/uploads\/2015\/08\/IMG_33764.jpg?fit=300%2C85&amp;ssl=1\" data-large-file=\"https:\/\/i0.wp.com\/www.unpetitoiseaudanslacuisine.com\/wp-content\/uploads\/2015\/08\/IMG_33764.jpg?fit=728%2C206&amp;ssl=1\" class=\"alignnone size-full wp-image-1029\" src=\"https:\/\/i0.wp.com\/www.unpetitoiseaudanslacuisine.com\/wp-content\/uploads\/2015\/08\/IMG_33764.jpg?resize=728%2C206&#038;ssl=1\" alt=\"Un petit oiseau dans la cuisine\" width=\"728\" height=\"206\" srcset=\"https:\/\/i0.wp.com\/www.unpetitoiseaudanslacuisine.com\/wp-content\/uploads\/2015\/08\/IMG_33764.jpg?w=728&amp;ssl=1 728w, https:\/\/i0.wp.com\/www.unpetitoiseaudanslacuisine.com\/wp-content\/uploads\/2015\/08\/IMG_33764.jpg?resize=300%2C85&amp;ssl=1 300w, https:\/\/i0.wp.com\/www.unpetitoiseaudanslacuisine.com\/wp-content\/uploads\/2015\/08\/IMG_33764.jpg?resize=600%2C170&amp;ssl=1 600w, https:\/\/i0.wp.com\/www.unpetitoiseaudanslacuisine.com\/wp-content\/uploads\/2015\/08\/IMG_33764.jpg?resize=194%2C55&amp;ssl=1 194w\" sizes=\"(max-width: 728px) 100vw, 728px\" data-recalc-dims=\"1\" \/><\/a><\/p>\n<h4 style=\"text-align: center;\">A Newsletter ? Hurry up and subscribe !<\/h4>\n<p><label>Email Address: <\/label><br \/>\n<input name=\"EMAIL\" required=\"\" type=\"email\" placeholder=\"Your email address\" \/><\/p>\n<p><input type=\"submit\" value=\"Subscribe\" \/><\/p>\n","protected":false},"excerpt":{"rendered":"<p>A Newsletter ? Hurry up and subscribe ! Email Address:<\/p>\n","protected":false},"author":2,"featured_media":0,"parent":0,"menu_order":0,"comment_status":"closed","ping_status":"closed","template":"","meta":{"wprm-recipe-roundup-name":"","wprm-recipe-roundup-description":"","_exactmetrics_skip_tracking":false,"_exactmetrics_sitenote_active":false,"_exactmetrics_sitenote_note":"","_exactmetrics_sitenote_category":0,"jetpack_post_was_ever_published":false,"footnotes":""},"class_list":["post-1645","page","type-page","status-publish","hentry"],"translation":{"provider":"WPGlobus","version":"2.10.10","language":"en","enabled_languages":["fr","en"],"languages":{"fr":{"title":true,"content":true,"excerpt":false},"en":{"title":false,"content":true,"excerpt":false}}},"yoast_head":"<!-- This site is optimized with the Yoast SEO Premium plugin v19.5 (Yoast SEO v20.5) - https:\/\/yoast.com\/wordpress\/plugins\/seo\/ -->\n<title>Newsletter - Un petit Oiseau dans la Cuisine<\/title>\n<meta name=\"robots\" content=\"index, follow, max-snippet:-1, max-image-preview:large, max-video-preview:-1\" \/>\n<link rel=\"canonical\" href=\"https:\/\/www.unpetitoiseaudanslacuisine.com\/newsletter\/\" \/>\n<meta property=\"og:locale\" content=\"en_US\" \/>\n<meta property=\"og:type\" content=\"article\" \/>\n<meta property=\"og:title\" content=\"Newsletter - Un petit Oiseau dans la Cuisine\" \/>\n<meta property=\"og:url\" content=\"https:\/\/www.unpetitoiseaudanslacuisine.com\/newsletter\/\" \/>\n<meta property=\"og:site_name\" content=\"Un petit Oiseau dans la Cuisine\" \/>\n<meta property=\"article:publisher\" content=\"https:\/\/www.facebook.com\/unpetitoiseaudanslacuisine?ref=hl\" \/>\n<meta property=\"article:modified_time\" content=\"2015-09-22T17:20:40+00:00\" \/>\n<meta property=\"og:image\" content=\"https:\/\/www.unpetitoiseaudanslacuisine.com\/wp-content\/uploads\/2015\/08\/IMG_33764.jpg\" \/>\n<meta name=\"twitter:card\" content=\"summary_large_image\" \/>\n<meta name=\"twitter:site\" content=\"@Blakprada\" \/>\n<script type=\"application\/ld+json\" class=\"yoast-schema-graph\">{\"@context\":\"https:\/\/schema.org\",\"@graph\":[{\"@type\":\"WebPage\",\"@id\":\"https:\/\/www.unpetitoiseaudanslacuisine.com\/newsletter\/\",\"url\":\"https:\/\/www.unpetitoiseaudanslacuisine.com\/newsletter\/\",\"name\":\"Newsletter - Un petit Oiseau dans la Cuisine\",\"isPartOf\":{\"@id\":\"https:\/\/www.unpetitoiseaudanslacuisine.com\/#website\"},\"datePublished\":\"2015-09-22T17:19:02+00:00\",\"dateModified\":\"2015-09-22T17:20:40+00:00\",\"breadcrumb\":{\"@id\":\"https:\/\/www.unpetitoiseaudanslacuisine.com\/newsletter\/#breadcrumb\"},\"inLanguage\":\"en-US\",\"potentialAction\":[{\"@type\":\"ReadAction\",\"target\":[\"https:\/\/www.unpetitoiseaudanslacuisine.com\/newsletter\/\"]}]},{\"@type\":\"BreadcrumbList\",\"@id\":\"https:\/\/www.unpetitoiseaudanslacuisine.com\/newsletter\/#breadcrumb\",\"itemListElement\":[{\"@type\":\"ListItem\",\"position\":1,\"name\":\"Accueil\",\"item\":\"https:\/\/www.unpetitoiseaudanslacuisine.com\/\"},{\"@type\":\"ListItem\",\"position\":2,\"name\":\"Newsletter\"}]},{\"@type\":\"WebSite\",\"@id\":\"https:\/\/www.unpetitoiseaudanslacuisine.com\/#website\",\"url\":\"https:\/\/www.unpetitoiseaudanslacuisine.com\/\",\"name\":\"Un petit Oiseau dans la Cuisine\",\"description\":\"Amazing food for healthy people\",\"publisher\":{\"@id\":\"https:\/\/www.unpetitoiseaudanslacuisine.com\/#organization\"},\"potentialAction\":[{\"@type\":\"SearchAction\",\"target\":{\"@type\":\"EntryPoint\",\"urlTemplate\":\"https:\/\/www.unpetitoiseaudanslacuisine.com\/?s={search_term_string}\"},\"query-input\":\"required name=search_term_string\"}],\"inLanguage\":\"en-US\"},{\"@type\":\"Organization\",\"@id\":\"https:\/\/www.unpetitoiseaudanslacuisine.com\/#organization\",\"name\":\"Un petit Oiseau dans la Cuisine\",\"url\":\"https:\/\/www.unpetitoiseaudanslacuisine.com\/\",\"logo\":{\"@type\":\"ImageObject\",\"inLanguage\":\"en-US\",\"@id\":\"https:\/\/www.unpetitoiseaudanslacuisine.com\/#\/schema\/logo\/image\/\",\"url\":\"https:\/\/www.unpetitoiseaudanslacuisine.com\/wp-content\/uploads\/2019\/12\/Copy-of-Copy-of-Copy-of-Copy-of-Copy-of-Copy-of-Copy-of-Copy-of-Copy-of-Copy-of-LOGO-3.png\",\"contentUrl\":\"https:\/\/www.unpetitoiseaudanslacuisine.com\/wp-content\/uploads\/2019\/12\/Copy-of-Copy-of-Copy-of-Copy-of-Copy-of-Copy-of-Copy-of-Copy-of-Copy-of-Copy-of-LOGO-3.png\",\"width\":960,\"height\":540,\"caption\":\"Un petit Oiseau dans la Cuisine\"},\"image\":{\"@id\":\"https:\/\/www.unpetitoiseaudanslacuisine.com\/#\/schema\/logo\/image\/\"},\"sameAs\":[\"https:\/\/www.facebook.com\/unpetitoiseaudanslacuisine?ref=hl\",\"https:\/\/twitter.com\/Blakprada\"]}]}<\/script>\n<!-- \/ Yoast SEO Premium plugin. -->","yoast_head_json":{"title":"Newsletter - Un petit Oiseau dans la Cuisine","robots":{"index":"index","follow":"follow","max-snippet":"max-snippet:-1","max-image-preview":"max-image-preview:large","max-video-preview":"max-video-preview:-1"},"canonical":"https:\/\/www.unpetitoiseaudanslacuisine.com\/newsletter\/","og_locale":"en_US","og_type":"article","og_title":"Newsletter - Un petit Oiseau dans la Cuisine","og_url":"https:\/\/www.unpetitoiseaudanslacuisine.com\/newsletter\/","og_site_name":"Un petit Oiseau dans la Cuisine","article_publisher":"https:\/\/www.facebook.com\/unpetitoiseaudanslacuisine?ref=hl","article_modified_time":"2015-09-22T17:20:40+00:00","og_image":[{"url":"https:\/\/www.unpetitoiseaudanslacuisine.com\/wp-content\/uploads\/2015\/08\/IMG_33764.jpg"}],"twitter_card":"summary_large_image","twitter_site":"@Blakprada","schema":{"@context":"https:\/\/schema.org","@graph":[{"@type":"WebPage","@id":"https:\/\/www.unpetitoiseaudanslacuisine.com\/newsletter\/","url":"https:\/\/www.unpetitoiseaudanslacuisine.com\/newsletter\/","name":"Newsletter - Un petit Oiseau dans la Cuisine","isPartOf":{"@id":"https:\/\/www.unpetitoiseaudanslacuisine.com\/#website"},"datePublished":"2015-09-22T17:19:02+00:00","dateModified":"2015-09-22T17:20:40+00:00","breadcrumb":{"@id":"https:\/\/www.unpetitoiseaudanslacuisine.com\/newsletter\/#breadcrumb"},"inLanguage":"en-US","potentialAction":[{"@type":"ReadAction","target":["https:\/\/www.unpetitoiseaudanslacuisine.com\/newsletter\/"]}]},{"@type":"BreadcrumbList","@id":"https:\/\/www.unpetitoiseaudanslacuisine.com\/newsletter\/#breadcrumb","itemListElement":[{"@type":"ListItem","position":1,"name":"Accueil","item":"https:\/\/www.unpetitoiseaudanslacuisine.com\/"},{"@type":"ListItem","position":2,"name":"Newsletter"}]},{"@type":"WebSite","@id":"https:\/\/www.unpetitoiseaudanslacuisine.com\/#website","url":"https:\/\/www.unpetitoiseaudanslacuisine.com\/","name":"Un petit Oiseau dans la Cuisine","description":"Amazing food for healthy people","publisher":{"@id":"https:\/\/www.unpetitoiseaudanslacuisine.com\/#organization"},"potentialAction":[{"@type":"SearchAction","target":{"@type":"EntryPoint","urlTemplate":"https:\/\/www.unpetitoiseaudanslacuisine.com\/?s={search_term_string}"},"query-input":"required name=search_term_string"}],"inLanguage":"en-US"},{"@type":"Organization","@id":"https:\/\/www.unpetitoiseaudanslacuisine.com\/#organization","name":"Un petit Oiseau dans la Cuisine","url":"https:\/\/www.unpetitoiseaudanslacuisine.com\/","logo":{"@type":"ImageObject","inLanguage":"en-US","@id":"https:\/\/www.unpetitoiseaudanslacuisine.com\/#\/schema\/logo\/image\/","url":"https:\/\/www.unpetitoiseaudanslacuisine.com\/wp-content\/uploads\/2019\/12\/Copy-of-Copy-of-Copy-of-Copy-of-Copy-of-Copy-of-Copy-of-Copy-of-Copy-of-Copy-of-LOGO-3.png","contentUrl":"https:\/\/www.unpetitoiseaudanslacuisine.com\/wp-content\/uploads\/2019\/12\/Copy-of-Copy-of-Copy-of-Copy-of-Copy-of-Copy-of-Copy-of-Copy-of-Copy-of-Copy-of-LOGO-3.png","width":960,"height":540,"caption":"Un petit Oiseau dans la Cuisine"},"image":{"@id":"https:\/\/www.unpetitoiseaudanslacuisine.com\/#\/schema\/logo\/image\/"},"sameAs":["https:\/\/www.facebook.com\/unpetitoiseaudanslacuisine?ref=hl","https:\/\/twitter.com\/Blakprada"]}]}},"jetpack_sharing_enabled":true,"jetpack_shortlink":"https:\/\/wp.me\/P87SV0-qx","jetpack-related-posts":[{"id":996,"url":"https:\/\/www.unpetitoiseaudanslacuisine.com\/en\/mentions-legales\/","url_meta":{"origin":1645,"position":0},"title":"MENTIONS LEGALES","date":"23 August 2015","format":false,"excerpt":"Editeur Le blog\u00a0www.unpetitoiseaudanslacuisine.com\u00a0est \u00e9dit\u00e9 par Blackprada. Il est h\u00e9berg\u00e9 par la soci\u00e9t\u00e9\u00a0WPServeur, 7 rue de la Cit\u00e9 Foulc 30000 N\u00eemes. Responsabilit\u00e9s Le blog\u00a0www.unpetitoiseaudanslacuisine.com met \u00e0 disposition des utilisateurs du contenu informatif gratuit. Il est de la responsabilit\u00e9 de l\u2019utilisateur de s\u2019assurer de la pertinence des contenus propos\u00e9s. L\u2019utilisateur ne pourra\u2026","rel":"","context":"Similar post","img":{"alt_text":"","src":"","width":0,"height":0},"classes":[]},{"id":8310,"url":"https:\/\/www.unpetitoiseaudanslacuisine.com\/en\/ateliers-culinaires-batch-cooking-meal-prep\/","url_meta":{"origin":1645,"position":1},"title":"ATELIERS CULINAIRES : Batch cooking \/\/ Meal Prep","date":"17 March 2019","format":false,"excerpt":"{:fr}\u00a0 ? ATELIERS CULINAIRES : Batch cooking \/\/ Meal prep ? Savez vous ce qu\u2019est le batch cooking? Il s\u2019agit de passer 2h en cuisine pour toute la semaine! V\u00e9ritable art de cuisiner ses repas \u00e0 l\u2019avance, cette tendance d\u2019origine anglo-saxonne nous permet de gagner du temps en cuisine pour\u2026","rel":"","context":"Similar post","img":{"alt_text":"","src":"https:\/\/i0.wp.com\/www.unpetitoiseaudanslacuisine.com\/wp-content\/uploads\/cache\/2019\/03\/IMG_2673\/4050712821.jpg?resize=350%2C200&ssl=1","width":350,"height":200},"classes":[]},{"id":262,"url":"https:\/\/www.unpetitoiseaudanslacuisine.com\/en\/about\/","url_meta":{"origin":1645,"position":2},"title":"About","date":"20 August 2015","format":false,"excerpt":"{:fr}Une passion pour la cuisine, le partage et la photographie culinaire Je suis Eva, auteure du blog culinaire, Un petit Oiseau dans la Cuisine, photographe, styliste et cr\u00e9atrice d'\u00e9v\u00e8nement culinaire. Du d\u00e9veloppement de recettes, en passant par la mise en sc\u00e8ne et la photographie culinaire, \u00e0 la r\u00e9alisation d'ateliers culinaires\u2026","rel":"","context":"Similar post","img":{"alt_text":"","src":"https:\/\/i0.wp.com\/www.unpetitoiseaudanslacuisine.com\/wp-content\/uploads\/cache\/2015\/08\/Image-1\/2419870566.jpg?resize=350%2C200&ssl=1","width":350,"height":200},"classes":[]},{"id":10563,"url":"https:\/\/www.unpetitoiseaudanslacuisine.com\/en\/travailler-avec-moi-2\/travailler-avec-moi\/","url_meta":{"origin":1645,"position":3},"title":"My offers","date":"30 April 2021","format":false,"excerpt":"{:fr}Photographie culinaire En tant que photographe culinaire, je mets en valeurs vos produits, votre restaurant, vos services \u00e0 travers un stylisme culinaire qui correspond \u00e0 votre image et vos besoins. Je sublime vos produits ou vos cr\u00e9ations et capture l'image qui permettra \u00e0 votre audience d'\u00eatre captiv\u00e9e et attir\u00e9e par\u2026","rel":"","context":"Similar post","img":{"alt_text":"","src":"https:\/\/i0.wp.com\/www.unpetitoiseaudanslacuisine.com\/wp-content\/uploads\/cache\/2021\/04\/IMG_1039-scaled\/1706121872.jpg?resize=350%2C200&ssl=1","width":350,"height":200},"classes":[]},{"id":10752,"url":"https:\/\/www.unpetitoiseaudanslacuisine.com\/en\/blog-culinaire\/","url_meta":{"origin":1645,"position":4},"title":"Blog culinaire","date":"6 May 2021","format":false,"excerpt":"{:fr}RECETTES SALEES RECETTES SUCREES DERNIERES RECETTES{:}{:en}SAVOURY RECIPES SWEET RECIPES LAST RECIPES{:}","rel":"","context":"Similar post","img":{"alt_text":"","src":"","width":0,"height":0},"classes":[]},{"id":10754,"url":"https:\/\/www.unpetitoiseaudanslacuisine.com\/en\/portfolio\/","url_meta":{"origin":1645,"position":5},"title":"Portfolio","date":"6 May 2021","format":false,"excerpt":"{:fr}CREATION RECETTES Le portfolio recettes, c'est par ici PHOTOGRAPHIES PRODUITS Le portfolio produits, c'est par ici {:}{:en}RECIPES CREATION For recipes portfolio, click here PRODUCTS PHOTOGRAPHIES For products portfolio, click here {:}","rel":"","context":"Similar post","img":{"alt_text":"","src":"https:\/\/i0.wp.com\/www.unpetitoiseaudanslacuisine.com\/wp-content\/uploads\/2021\/05\/da94a1e4-e5f7-430d-9517-5e968ac4c07b-770x1024.jpg?resize=350%2C200&ssl=1","width":350,"height":200},"classes":[]}],"_links":{"self":[{"href":"https:\/\/www.unpetitoiseaudanslacuisine.com\/en\/wp-json\/wp\/v2\/pages\/1645","targetHints":{"allow":["GET"]}}],"collection":[{"href":"https:\/\/www.unpetitoiseaudanslacuisine.com\/en\/wp-json\/wp\/v2\/pages"}],"about":[{"href":"https:\/\/www.unpetitoiseaudanslacuisine.com\/en\/wp-json\/wp\/v2\/types\/page"}],"author":[{"embeddable":true,"href":"https:\/\/www.unpetitoiseaudanslacuisine.com\/en\/wp-json\/wp\/v2\/users\/2"}],"replies":[{"embeddable":true,"href":"https:\/\/www.unpetitoiseaudanslacuisine.com\/en\/wp-json\/wp\/v2\/comments?post=1645"}],"version-history":[{"count":0,"href":"https:\/\/www.unpetitoiseaudanslacuisine.com\/en\/wp-json\/wp\/v2\/pages\/1645\/revisions"}],"wp:attachment":[{"href":"https:\/\/www.unpetitoiseaudanslacuisine.com\/en\/wp-json\/wp\/v2\/media?parent=1645"}],"curies":[{"name":"wp","href":"https:\/\/api.w.org\/{rel}","templated":true}]}}