{"id":8310,"date":"2019-03-17T17:07:22","date_gmt":"2019-03-17T16:07:22","guid":{"rendered":"https:\/\/www.unpetitoiseaudanslacuisine.com\/?page_id=8310"},"modified":"2019-03-17T17:07:23","modified_gmt":"2019-03-17T16:07:23","slug":"ateliers-culinaires-batch-cooking-meal-prep","status":"publish","type":"page","link":"https:\/\/www.unpetitoiseaudanslacuisine.com\/en\/ateliers-culinaires-batch-cooking-meal-prep\/","title":{"rendered":"ATELIERS CULINAIRES : Batch cooking \/\/ Meal Prep"},"content":{"rendered":"<h4>\u00a0<a href=\"https:\/\/i0.wp.com\/www.unpetitoiseaudanslacuisine.com\/wp-content\/uploads\/2019\/03\/IMG_2673.jpg?ssl=1\"><img fetchpriority=\"high\" decoding=\"async\" data-attachment-id=\"8313\" data-permalink=\"https:\/\/www.unpetitoiseaudanslacuisine.com\/en\/ateliers-culinaires-batch-cooking-meal-prep\/img_2673\/\" data-orig-file=\"https:\/\/i0.wp.com\/www.unpetitoiseaudanslacuisine.com\/wp-content\/uploads\/2019\/03\/IMG_2673.jpg?fit=3024%2C4032&amp;ssl=1\" data-orig-size=\"3024,4032\" data-comments-opened=\"1\" data-image-meta=\"{&quot;aperture&quot;:&quot;2.4&quot;,&quot;credit&quot;:&quot;&quot;,&quot;camera&quot;:&quot;iPhone XS&quot;,&quot;caption&quot;:&quot;&quot;,&quot;created_timestamp&quot;:&quot;1549203853&quot;,&quot;copyright&quot;:&quot;&quot;,&quot;focal_length&quot;:&quot;6&quot;,&quot;iso&quot;:&quot;400&quot;,&quot;shutter_speed&quot;:&quot;0.018181818181818&quot;,&quot;title&quot;:&quot;&quot;,&quot;orientation&quot;:&quot;0&quot;}\" data-image-title=\"ATELIERS CULINAIRES : Batch cooking \/\/ Meal Prep\" data-image-description=\"\" data-image-caption=\"\" data-medium-file=\"https:\/\/i0.wp.com\/www.unpetitoiseaudanslacuisine.com\/wp-content\/uploads\/2019\/03\/IMG_2673.jpg?fit=225%2C300&amp;ssl=1\" data-large-file=\"https:\/\/i0.wp.com\/www.unpetitoiseaudanslacuisine.com\/wp-content\/uploads\/2019\/03\/IMG_2673.jpg?fit=750%2C1000&amp;ssl=1\" class=\"size-large wp-image-8313 aligncenter\" src=\"https:\/\/i0.wp.com\/www.unpetitoiseaudanslacuisine.com\/wp-content\/uploads\/2019\/03\/IMG_2673.jpg?resize=750%2C1000&#038;ssl=1\" alt=\"\" width=\"750\" height=\"1000\" srcset=\"https:\/\/i0.wp.com\/www.unpetitoiseaudanslacuisine.com\/wp-content\/uploads\/2019\/03\/IMG_2673.jpg?resize=768%2C1024&amp;ssl=1 768w, https:\/\/i0.wp.com\/www.unpetitoiseaudanslacuisine.com\/wp-content\/uploads\/2019\/03\/IMG_2673.jpg?resize=225%2C300&amp;ssl=1 225w, https:\/\/i0.wp.com\/www.unpetitoiseaudanslacuisine.com\/wp-content\/uploads\/2019\/03\/IMG_2673.jpg?resize=41%2C55&amp;ssl=1 41w, https:\/\/i0.wp.com\/www.unpetitoiseaudanslacuisine.com\/wp-content\/uploads\/2019\/03\/IMG_2673.jpg?resize=750%2C1000&amp;ssl=1 750w, https:\/\/i0.wp.com\/www.unpetitoiseaudanslacuisine.com\/wp-content\/uploads\/2019\/03\/IMG_2673.jpg?w=1500&amp;ssl=1 1500w, https:\/\/i0.wp.com\/www.unpetitoiseaudanslacuisine.com\/wp-content\/uploads\/2019\/03\/IMG_2673.jpg?w=2250&amp;ssl=1 2250w\" sizes=\"(max-width: 750px) 100vw, 750px\" data-recalc-dims=\"1\" \/><\/a><\/h4>\n<h4><span title=\"Modifi\u00e9\">? ATELIERS CULINAIRES : Batch cooking \/\/ Meal prep ?<\/span><\/h4>\n<p><span title=\"Modifi\u00e9\"><em>Savez vous ce qu\u2019est le batch cooking?<\/em><br \/>\nIl s\u2019agit de passer 2h en cuisine pour toute la semaine!<br \/>\nV\u00e9ritable art de cuisiner ses repas \u00e0 l\u2019avance, cette tendance d\u2019origine anglo-saxonne nous permet de gagner du temps en cuisine pour nous permettre de manger des plats maison toute la semaine. Pour cela il vous suffit de cuisiner une fois par semaine en quantit\u00e9, le dimanche le plus souvent, et de stocker les denr\u00e9es dans des boites alimentaires pour aller ensuite y piocher toute la semaine les ingr\u00e9dients n\u00e9cessaires \u00e0 vos repas. On pr\u00e9pare ainsi ses ingr\u00e9dients et ses menus \u00e0 l\u2019avance et on passe une semaine super d\u00e9tendu!<br \/>\nPar exemple ici mes ingr\u00e9dients sont pr\u00eats pour une po\u00eal\u00e9e de chou rouge aux pommes, un gratin de chou romanesco et brocolis, des courgettes et betteraves r\u00f4ties au four, des carottes \u00e0 dipper dans une sauce avocat, un granola maison au chocolat pour les petits d\u00e9jeuners et quelques muffins prot\u00e9in\u00e9s au chocolat post training!<br \/>\nSi vous voulez en savoir plus, contactez-moi pour des:<br \/>\n??????????????ATELIERS BATCH COOKING A DOMICILE?????????????????<\/span><\/p>\n<p><span title=\"Modifi\u00e9\">Je vous donne d\u00e9j\u00e0 une petite astuce pour pouvoir conserver vos ingr\u00e9dients frais toute la semaine pour votre batch cooking! <\/span><\/p>\n<p><span title=\"Modifi\u00e9\">J\u2019ai test\u00e9 les boites sous vide d\u2019air \u201c<a href=\"https:\/\/www.airblock.fr\/boites-sous-vide\/\" target=\"_blank\" rel=\"noopener noreferrer\">airblock<\/a>\u201d, elles sont tops! Elles sont sans bpa et les aliments se conservent vraiment plus longtemps que dans une simple bo\u00eete herm\u00e9tique gr\u00e2ce au vide d\u2019air r\u00e9alis\u00e9 avec une petite pompe manuelle. Allez jeter un \u0153il sur leur site: <a href=\"https:\/\/www.airblock.fr\/\" target=\"_blank\" rel=\"noopener noreferrer\">https:\/\/www.airblock.fr\/<\/a>. <\/span><\/p>\n<p><a href=\"https:\/\/i0.wp.com\/www.unpetitoiseaudanslacuisine.com\/wp-content\/uploads\/2019\/03\/IMG_2695.jpg?ssl=1\"><img decoding=\"async\" data-attachment-id=\"8312\" data-permalink=\"https:\/\/www.unpetitoiseaudanslacuisine.com\/en\/ateliers-culinaires-batch-cooking-meal-prep\/img_2695\/\" data-orig-file=\"https:\/\/i0.wp.com\/www.unpetitoiseaudanslacuisine.com\/wp-content\/uploads\/2019\/03\/IMG_2695.jpg?fit=3024%2C4032&amp;ssl=1\" data-orig-size=\"3024,4032\" data-comments-opened=\"1\" data-image-meta=\"{&quot;aperture&quot;:&quot;2.4&quot;,&quot;credit&quot;:&quot;&quot;,&quot;camera&quot;:&quot;iPhone XS&quot;,&quot;caption&quot;:&quot;&quot;,&quot;created_timestamp&quot;:&quot;1549204487&quot;,&quot;copyright&quot;:&quot;&quot;,&quot;focal_length&quot;:&quot;6&quot;,&quot;iso&quot;:&quot;160&quot;,&quot;shutter_speed&quot;:&quot;0.016666666666667&quot;,&quot;title&quot;:&quot;&quot;,&quot;orientation&quot;:&quot;0&quot;}\" data-image-title=\"ATELIERS CULINAIRES : Batch cooking \/\/ Meal Prep\" data-image-description=\"\" data-image-caption=\"\" data-medium-file=\"https:\/\/i0.wp.com\/www.unpetitoiseaudanslacuisine.com\/wp-content\/uploads\/2019\/03\/IMG_2695.jpg?fit=225%2C300&amp;ssl=1\" data-large-file=\"https:\/\/i0.wp.com\/www.unpetitoiseaudanslacuisine.com\/wp-content\/uploads\/2019\/03\/IMG_2695.jpg?fit=750%2C1000&amp;ssl=1\" class=\"size-large wp-image-8312 aligncenter\" src=\"https:\/\/i0.wp.com\/www.unpetitoiseaudanslacuisine.com\/wp-content\/uploads\/2019\/03\/IMG_2695.jpg?resize=750%2C1000&#038;ssl=1\" alt=\"\" width=\"750\" height=\"1000\" srcset=\"https:\/\/i0.wp.com\/www.unpetitoiseaudanslacuisine.com\/wp-content\/uploads\/2019\/03\/IMG_2695.jpg?resize=768%2C1024&amp;ssl=1 768w, https:\/\/i0.wp.com\/www.unpetitoiseaudanslacuisine.com\/wp-content\/uploads\/2019\/03\/IMG_2695.jpg?resize=225%2C300&amp;ssl=1 225w, https:\/\/i0.wp.com\/www.unpetitoiseaudanslacuisine.com\/wp-content\/uploads\/2019\/03\/IMG_2695.jpg?resize=41%2C55&amp;ssl=1 41w, https:\/\/i0.wp.com\/www.unpetitoiseaudanslacuisine.com\/wp-content\/uploads\/2019\/03\/IMG_2695.jpg?resize=750%2C1000&amp;ssl=1 750w, https:\/\/i0.wp.com\/www.unpetitoiseaudanslacuisine.com\/wp-content\/uploads\/2019\/03\/IMG_2695.jpg?w=1500&amp;ssl=1 1500w, https:\/\/i0.wp.com\/www.unpetitoiseaudanslacuisine.com\/wp-content\/uploads\/2019\/03\/IMG_2695.jpg?w=2250&amp;ssl=1 2250w\" sizes=\"(max-width: 750px) 100vw, 750px\" data-recalc-dims=\"1\" \/><\/a><\/p>\n<p><em><span title=\"Modifi\u00e9\">\u00c0 vous le batch cooking!<\/span><\/em><\/p>\n<p>Pour des ateliers batch cooking \/\/ meal prep, contactez-moi :<\/p>\n<p>&#8211; par email <strong>unpetitoiseaudanslacuisine@gmail.com<\/strong><\/p>\n<p>&#8211; sur ma page Instagram <strong>https:\/\/www.instagram.com\/unpetitoiseaudanslacuisine\/<\/strong><\/p>\n<p>&#8211; sur ma page Facebook <strong>https:\/\/www.facebook.com\/unpetitoiseaudanslacuisine\/<\/strong><\/p>\n<p><a href=\"https:\/\/i0.wp.com\/www.unpetitoiseaudanslacuisine.com\/wp-content\/uploads\/2019\/03\/IMG_2698.jpg?ssl=1\"><img decoding=\"async\" data-attachment-id=\"8311\" data-permalink=\"https:\/\/www.unpetitoiseaudanslacuisine.com\/en\/ateliers-culinaires-batch-cooking-meal-prep\/img_2698\/\" data-orig-file=\"https:\/\/i0.wp.com\/www.unpetitoiseaudanslacuisine.com\/wp-content\/uploads\/2019\/03\/IMG_2698.jpg?fit=3024%2C4032&amp;ssl=1\" data-orig-size=\"3024,4032\" data-comments-opened=\"1\" data-image-meta=\"{&quot;aperture&quot;:&quot;2.4&quot;,&quot;credit&quot;:&quot;&quot;,&quot;camera&quot;:&quot;iPhone XS&quot;,&quot;caption&quot;:&quot;&quot;,&quot;created_timestamp&quot;:&quot;1549204521&quot;,&quot;copyright&quot;:&quot;&quot;,&quot;focal_length&quot;:&quot;6&quot;,&quot;iso&quot;:&quot;125&quot;,&quot;shutter_speed&quot;:&quot;0.016666666666667&quot;,&quot;title&quot;:&quot;&quot;,&quot;orientation&quot;:&quot;0&quot;}\" data-image-title=\"ATELIERS CULINAIRES : Batch cooking \/\/ Meal Prep\" data-image-description=\"\" data-image-caption=\"\" data-medium-file=\"https:\/\/i0.wp.com\/www.unpetitoiseaudanslacuisine.com\/wp-content\/uploads\/2019\/03\/IMG_2698.jpg?fit=225%2C300&amp;ssl=1\" data-large-file=\"https:\/\/i0.wp.com\/www.unpetitoiseaudanslacuisine.com\/wp-content\/uploads\/2019\/03\/IMG_2698.jpg?fit=750%2C1000&amp;ssl=1\" class=\"size-large wp-image-8311 aligncenter\" src=\"https:\/\/i0.wp.com\/www.unpetitoiseaudanslacuisine.com\/wp-content\/uploads\/2019\/03\/IMG_2698.jpg?resize=750%2C1000&#038;ssl=1\" alt=\"\" width=\"750\" height=\"1000\" srcset=\"https:\/\/i0.wp.com\/www.unpetitoiseaudanslacuisine.com\/wp-content\/uploads\/2019\/03\/IMG_2698.jpg?resize=768%2C1024&amp;ssl=1 768w, https:\/\/i0.wp.com\/www.unpetitoiseaudanslacuisine.com\/wp-content\/uploads\/2019\/03\/IMG_2698.jpg?resize=225%2C300&amp;ssl=1 225w, https:\/\/i0.wp.com\/www.unpetitoiseaudanslacuisine.com\/wp-content\/uploads\/2019\/03\/IMG_2698.jpg?resize=41%2C55&amp;ssl=1 41w, https:\/\/i0.wp.com\/www.unpetitoiseaudanslacuisine.com\/wp-content\/uploads\/2019\/03\/IMG_2698.jpg?resize=750%2C1000&amp;ssl=1 750w, https:\/\/i0.wp.com\/www.unpetitoiseaudanslacuisine.com\/wp-content\/uploads\/2019\/03\/IMG_2698.jpg?w=1500&amp;ssl=1 1500w, https:\/\/i0.wp.com\/www.unpetitoiseaudanslacuisine.com\/wp-content\/uploads\/2019\/03\/IMG_2698.jpg?w=2250&amp;ssl=1 2250w\" sizes=\"(max-width: 750px) 100vw, 750px\" data-recalc-dims=\"1\" \/><\/a><\/p>\n","protected":false},"excerpt":{"rendered":"<p>\u00a0 ? ATELIERS CULINAIRES : Batch cooking \/\/ Meal prep ? Savez vous ce qu\u2019est le batch cooking? Il s\u2019agit de passer 2h en cuisine pour toute la semaine! V\u00e9ritable art de cuisiner ses repas \u00e0 l\u2019avance, cette tendance d\u2019origine anglo-saxonne nous permet de gagner du temps en cuisine pour nous permettre de manger des [&hellip;]<\/p>\n","protected":false},"author":2,"featured_media":8313,"parent":0,"menu_order":0,"comment_status":"closed","ping_status":"closed","template":"","meta":{"wprm-recipe-roundup-name":"","wprm-recipe-roundup-description":"","_exactmetrics_skip_tracking":false,"_exactmetrics_sitenote_active":false,"_exactmetrics_sitenote_note":"","_exactmetrics_sitenote_category":0,"jetpack_post_was_ever_published":false,"footnotes":""},"class_list":["post-8310","page","type-page","status-publish","has-post-thumbnail","hentry"],"translation":{"provider":"WPGlobus","version":"2.10.10","language":"en","enabled_languages":["fr","en"],"languages":{"fr":{"title":true,"content":true,"excerpt":false},"en":{"title":true,"content":true,"excerpt":false}}},"yoast_head":"<!-- This site is optimized with the Yoast SEO Premium plugin v19.5 (Yoast SEO v20.5) - https:\/\/yoast.com\/wordpress\/plugins\/seo\/ -->\n<title>ATELIERS CULINAIRES : Batch cooking \/\/ Meal Prep - Un petit Oiseau dans la Cuisine<\/title>\n<meta name=\"robots\" content=\"index, follow, max-snippet:-1, max-image-preview:large, max-video-preview:-1\" \/>\n<link rel=\"canonical\" href=\"https:\/\/www.unpetitoiseaudanslacuisine.com\/ateliers-culinaires-batch-cooking-meal-prep\/\" \/>\n<meta property=\"og:locale\" content=\"en_US\" \/>\n<meta property=\"og:type\" content=\"article\" \/>\n<meta property=\"og:title\" content=\"ATELIERS CULINAIRES : Batch cooking \/\/ Meal Prep - Un petit Oiseau dans la Cuisine\" \/>\n<meta property=\"og:url\" content=\"https:\/\/www.unpetitoiseaudanslacuisine.com\/ateliers-culinaires-batch-cooking-meal-prep\/\" \/>\n<meta property=\"og:site_name\" content=\"Un petit Oiseau dans la Cuisine\" \/>\n<meta property=\"article:publisher\" content=\"https:\/\/www.facebook.com\/unpetitoiseaudanslacuisine?ref=hl\" \/>\n<meta property=\"article:modified_time\" content=\"2019-03-17T16:07:23+00:00\" \/>\n<meta property=\"og:image\" content=\"https:\/\/www.unpetitoiseaudanslacuisine.com\/wp-content\/uploads\/2019\/03\/IMG_2673-768x1024.jpg\" \/>\n\t<meta property=\"og:image:width\" content=\"768\" \/>\n\t<meta property=\"og:image:height\" content=\"1024\" \/>\n\t<meta property=\"og:image:type\" content=\"image\/jpeg\" \/>\n<meta name=\"twitter:card\" content=\"summary_large_image\" \/>\n<meta name=\"twitter:site\" content=\"@Blakprada\" \/>\n<meta name=\"twitter:label1\" content=\"Est. reading time\" \/>\n\t<meta name=\"twitter:data1\" content=\"3 minutes\" \/>\n<script type=\"application\/ld+json\" class=\"yoast-schema-graph\">{\"@context\":\"https:\/\/schema.org\",\"@graph\":[{\"@type\":\"WebPage\",\"@id\":\"https:\/\/www.unpetitoiseaudanslacuisine.com\/ateliers-culinaires-batch-cooking-meal-prep\/\",\"url\":\"https:\/\/www.unpetitoiseaudanslacuisine.com\/ateliers-culinaires-batch-cooking-meal-prep\/\",\"name\":\"ATELIERS CULINAIRES : Batch cooking \/\/ Meal Prep - Un petit Oiseau dans la Cuisine\",\"isPartOf\":{\"@id\":\"https:\/\/www.unpetitoiseaudanslacuisine.com\/#website\"},\"datePublished\":\"2019-03-17T16:07:22+00:00\",\"dateModified\":\"2019-03-17T16:07:23+00:00\",\"description\":\"Un petit Oiseau dans la Cuisine vous propose des ateliers culinaires pour parfaire ou vous apprendre la technique du Batch Cooking et du Meal prep!\",\"breadcrumb\":{\"@id\":\"https:\/\/www.unpetitoiseaudanslacuisine.com\/ateliers-culinaires-batch-cooking-meal-prep\/#breadcrumb\"},\"inLanguage\":\"en-US\",\"potentialAction\":[{\"@type\":\"ReadAction\",\"target\":[\"https:\/\/www.unpetitoiseaudanslacuisine.com\/ateliers-culinaires-batch-cooking-meal-prep\/\"]}]},{\"@type\":\"BreadcrumbList\",\"@id\":\"https:\/\/www.unpetitoiseaudanslacuisine.com\/ateliers-culinaires-batch-cooking-meal-prep\/#breadcrumb\",\"itemListElement\":[{\"@type\":\"ListItem\",\"position\":1,\"name\":\"Accueil\",\"item\":\"https:\/\/www.unpetitoiseaudanslacuisine.com\/\"},{\"@type\":\"ListItem\",\"position\":2,\"name\":\"ATELIERS CULINAIRES : Batch cooking \/\/ Meal Prep\"}]},{\"@type\":\"WebSite\",\"@id\":\"https:\/\/www.unpetitoiseaudanslacuisine.com\/#website\",\"url\":\"https:\/\/www.unpetitoiseaudanslacuisine.com\/\",\"name\":\"Un petit Oiseau dans la Cuisine\",\"description\":\"Amazing food for healthy people\",\"publisher\":{\"@id\":\"https:\/\/www.unpetitoiseaudanslacuisine.com\/#organization\"},\"potentialAction\":[{\"@type\":\"SearchAction\",\"target\":{\"@type\":\"EntryPoint\",\"urlTemplate\":\"https:\/\/www.unpetitoiseaudanslacuisine.com\/?s={search_term_string}\"},\"query-input\":\"required name=search_term_string\"}],\"inLanguage\":\"en-US\"},{\"@type\":\"Organization\",\"@id\":\"https:\/\/www.unpetitoiseaudanslacuisine.com\/#organization\",\"name\":\"Un petit Oiseau dans la Cuisine\",\"url\":\"https:\/\/www.unpetitoiseaudanslacuisine.com\/\",\"logo\":{\"@type\":\"ImageObject\",\"inLanguage\":\"en-US\",\"@id\":\"https:\/\/www.unpetitoiseaudanslacuisine.com\/#\/schema\/logo\/image\/\",\"url\":\"https:\/\/www.unpetitoiseaudanslacuisine.com\/wp-content\/uploads\/2019\/12\/Copy-of-Copy-of-Copy-of-Copy-of-Copy-of-Copy-of-Copy-of-Copy-of-Copy-of-Copy-of-LOGO-3.png\",\"contentUrl\":\"https:\/\/www.unpetitoiseaudanslacuisine.com\/wp-content\/uploads\/2019\/12\/Copy-of-Copy-of-Copy-of-Copy-of-Copy-of-Copy-of-Copy-of-Copy-of-Copy-of-Copy-of-LOGO-3.png\",\"width\":960,\"height\":540,\"caption\":\"Un petit Oiseau dans la Cuisine\"},\"image\":{\"@id\":\"https:\/\/www.unpetitoiseaudanslacuisine.com\/#\/schema\/logo\/image\/\"},\"sameAs\":[\"https:\/\/www.facebook.com\/unpetitoiseaudanslacuisine?ref=hl\",\"https:\/\/twitter.com\/Blakprada\"]}]}<\/script>\n<!-- \/ Yoast SEO Premium plugin. -->","yoast_head_json":{"title":"ATELIERS CULINAIRES : Batch cooking \/\/ Meal Prep - Un petit Oiseau dans la Cuisine","robots":{"index":"index","follow":"follow","max-snippet":"max-snippet:-1","max-image-preview":"max-image-preview:large","max-video-preview":"max-video-preview:-1"},"canonical":"https:\/\/www.unpetitoiseaudanslacuisine.com\/ateliers-culinaires-batch-cooking-meal-prep\/","og_locale":"en_US","og_type":"article","og_title":"ATELIERS CULINAIRES : Batch cooking \/\/ Meal Prep - Un petit Oiseau dans la Cuisine","og_url":"https:\/\/www.unpetitoiseaudanslacuisine.com\/ateliers-culinaires-batch-cooking-meal-prep\/","og_site_name":"Un petit Oiseau dans la Cuisine","article_publisher":"https:\/\/www.facebook.com\/unpetitoiseaudanslacuisine?ref=hl","article_modified_time":"2019-03-17T16:07:23+00:00","og_image":[{"width":768,"height":1024,"url":"https:\/\/www.unpetitoiseaudanslacuisine.com\/wp-content\/uploads\/2019\/03\/IMG_2673-768x1024.jpg","type":"image\/jpeg"}],"twitter_card":"summary_large_image","twitter_site":"@Blakprada","twitter_misc":{"Est. reading time":"3 minutes"},"schema":{"@context":"https:\/\/schema.org","@graph":[{"@type":"WebPage","@id":"https:\/\/www.unpetitoiseaudanslacuisine.com\/ateliers-culinaires-batch-cooking-meal-prep\/","url":"https:\/\/www.unpetitoiseaudanslacuisine.com\/ateliers-culinaires-batch-cooking-meal-prep\/","name":"ATELIERS CULINAIRES : Batch cooking \/\/ Meal Prep - Un petit Oiseau dans la Cuisine","isPartOf":{"@id":"https:\/\/www.unpetitoiseaudanslacuisine.com\/#website"},"datePublished":"2019-03-17T16:07:22+00:00","dateModified":"2019-03-17T16:07:23+00:00","description":"Un petit Oiseau dans la Cuisine vous propose des ateliers culinaires pour parfaire ou vous apprendre la technique du Batch Cooking et du Meal prep!","breadcrumb":{"@id":"https:\/\/www.unpetitoiseaudanslacuisine.com\/ateliers-culinaires-batch-cooking-meal-prep\/#breadcrumb"},"inLanguage":"en-US","potentialAction":[{"@type":"ReadAction","target":["https:\/\/www.unpetitoiseaudanslacuisine.com\/ateliers-culinaires-batch-cooking-meal-prep\/"]}]},{"@type":"BreadcrumbList","@id":"https:\/\/www.unpetitoiseaudanslacuisine.com\/ateliers-culinaires-batch-cooking-meal-prep\/#breadcrumb","itemListElement":[{"@type":"ListItem","position":1,"name":"Accueil","item":"https:\/\/www.unpetitoiseaudanslacuisine.com\/"},{"@type":"ListItem","position":2,"name":"ATELIERS CULINAIRES : Batch cooking \/\/ Meal Prep"}]},{"@type":"WebSite","@id":"https:\/\/www.unpetitoiseaudanslacuisine.com\/#website","url":"https:\/\/www.unpetitoiseaudanslacuisine.com\/","name":"Un petit Oiseau dans la Cuisine","description":"Amazing food for healthy people","publisher":{"@id":"https:\/\/www.unpetitoiseaudanslacuisine.com\/#organization"},"potentialAction":[{"@type":"SearchAction","target":{"@type":"EntryPoint","urlTemplate":"https:\/\/www.unpetitoiseaudanslacuisine.com\/?s={search_term_string}"},"query-input":"required name=search_term_string"}],"inLanguage":"en-US"},{"@type":"Organization","@id":"https:\/\/www.unpetitoiseaudanslacuisine.com\/#organization","name":"Un petit Oiseau dans la Cuisine","url":"https:\/\/www.unpetitoiseaudanslacuisine.com\/","logo":{"@type":"ImageObject","inLanguage":"en-US","@id":"https:\/\/www.unpetitoiseaudanslacuisine.com\/#\/schema\/logo\/image\/","url":"https:\/\/www.unpetitoiseaudanslacuisine.com\/wp-content\/uploads\/2019\/12\/Copy-of-Copy-of-Copy-of-Copy-of-Copy-of-Copy-of-Copy-of-Copy-of-Copy-of-Copy-of-LOGO-3.png","contentUrl":"https:\/\/www.unpetitoiseaudanslacuisine.com\/wp-content\/uploads\/2019\/12\/Copy-of-Copy-of-Copy-of-Copy-of-Copy-of-Copy-of-Copy-of-Copy-of-Copy-of-Copy-of-LOGO-3.png","width":960,"height":540,"caption":"Un petit Oiseau dans la Cuisine"},"image":{"@id":"https:\/\/www.unpetitoiseaudanslacuisine.com\/#\/schema\/logo\/image\/"},"sameAs":["https:\/\/www.facebook.com\/unpetitoiseaudanslacuisine?ref=hl","https:\/\/twitter.com\/Blakprada"]}]}},"jetpack_sharing_enabled":true,"jetpack_shortlink":"https:\/\/wp.me\/P87SV0-2a2","jetpack-related-posts":[{"id":10563,"url":"https:\/\/www.unpetitoiseaudanslacuisine.com\/en\/travailler-avec-moi-2\/travailler-avec-moi\/","url_meta":{"origin":8310,"position":0},"title":"My offers","date":"30 April 2021","format":false,"excerpt":"{:fr}Photographie culinaire En tant que photographe culinaire, je mets en valeurs vos produits, votre restaurant, vos services \u00e0 travers un stylisme culinaire qui correspond \u00e0 votre image et vos besoins. Je sublime vos produits ou vos cr\u00e9ations et capture l'image qui permettra \u00e0 votre audience d'\u00eatre captiv\u00e9e et attir\u00e9e par\u2026","rel":"","context":"Similar post","img":{"alt_text":"","src":"https:\/\/i0.wp.com\/www.unpetitoiseaudanslacuisine.com\/wp-content\/uploads\/cache\/2021\/04\/IMG_1039-scaled\/1706121872.jpg?resize=350%2C200&ssl=1","width":350,"height":200},"classes":[]},{"id":262,"url":"https:\/\/www.unpetitoiseaudanslacuisine.com\/en\/about\/","url_meta":{"origin":8310,"position":1},"title":"About","date":"20 August 2015","format":false,"excerpt":"{:fr}Une passion pour la cuisine, le partage et la photographie culinaire Je suis Eva, auteure du blog culinaire, Un petit Oiseau dans la Cuisine, photographe, styliste et cr\u00e9atrice d'\u00e9v\u00e8nement culinaire. Du d\u00e9veloppement de recettes, en passant par la mise en sc\u00e8ne et la photographie culinaire, \u00e0 la r\u00e9alisation d'ateliers culinaires\u2026","rel":"","context":"Similar post","img":{"alt_text":"","src":"https:\/\/i0.wp.com\/www.unpetitoiseaudanslacuisine.com\/wp-content\/uploads\/cache\/2015\/08\/Image-1\/2419870566.jpg?resize=350%2C200&ssl=1","width":350,"height":200},"classes":[]},{"id":10755,"url":"https:\/\/www.unpetitoiseaudanslacuisine.com\/en\/boutique-2\/","url_meta":{"origin":8310,"position":2},"title":"Boutique","date":"6 May 2021","format":false,"excerpt":"ATELIERS Stylisme & Photographie Culinaire R\u00e9serve ta place SEANCE DE COACHING Stylisme & Photographie Culinaire R\u00e9serve ta s\u00e9ance","rel":"","context":"Similar post","img":{"alt_text":"","src":"","width":0,"height":0},"classes":[]},{"id":10752,"url":"https:\/\/www.unpetitoiseaudanslacuisine.com\/en\/blog-culinaire\/","url_meta":{"origin":8310,"position":3},"title":"Blog culinaire","date":"6 May 2021","format":false,"excerpt":"{:fr}RECETTES SALEES RECETTES SUCREES DERNIERES RECETTES{:}{:en}SAVOURY RECIPES SWEET RECIPES LAST RECIPES{:}","rel":"","context":"Similar post","img":{"alt_text":"","src":"","width":0,"height":0},"classes":[]},{"id":996,"url":"https:\/\/www.unpetitoiseaudanslacuisine.com\/en\/mentions-legales\/","url_meta":{"origin":8310,"position":4},"title":"MENTIONS LEGALES","date":"23 August 2015","format":false,"excerpt":"Editeur Le blog\u00a0www.unpetitoiseaudanslacuisine.com\u00a0est \u00e9dit\u00e9 par Blackprada. Il est h\u00e9berg\u00e9 par la soci\u00e9t\u00e9\u00a0WPServeur, 7 rue de la Cit\u00e9 Foulc 30000 N\u00eemes. Responsabilit\u00e9s Le blog\u00a0www.unpetitoiseaudanslacuisine.com met \u00e0 disposition des utilisateurs du contenu informatif gratuit. Il est de la responsabilit\u00e9 de l\u2019utilisateur de s\u2019assurer de la pertinence des contenus propos\u00e9s. L\u2019utilisateur ne pourra\u2026","rel":"","context":"Similar post","img":{"alt_text":"","src":"","width":0,"height":0},"classes":[]},{"id":1645,"url":"https:\/\/www.unpetitoiseaudanslacuisine.com\/en\/newsletter\/","url_meta":{"origin":8310,"position":5},"title":"Newsletter","date":"22 September 2015","format":false,"excerpt":"{:fr} Une Newsletter ? Vite inscrivez vous ! Adresse email: {:}{:en} A Newsletter ? Hurry up and subscribe ! Email Address: {:}","rel":"","context":"Similar post","img":{"alt_text":"","src":"https:\/\/i0.wp.com\/www.unpetitoiseaudanslacuisine.com\/wp-content\/uploads\/2015\/08\/IMG_33764.jpg?resize=350%2C200&ssl=1","width":350,"height":200},"classes":[]}],"_links":{"self":[{"href":"https:\/\/www.unpetitoiseaudanslacuisine.com\/en\/wp-json\/wp\/v2\/pages\/8310","targetHints":{"allow":["GET"]}}],"collection":[{"href":"https:\/\/www.unpetitoiseaudanslacuisine.com\/en\/wp-json\/wp\/v2\/pages"}],"about":[{"href":"https:\/\/www.unpetitoiseaudanslacuisine.com\/en\/wp-json\/wp\/v2\/types\/page"}],"author":[{"embeddable":true,"href":"https:\/\/www.unpetitoiseaudanslacuisine.com\/en\/wp-json\/wp\/v2\/users\/2"}],"replies":[{"embeddable":true,"href":"https:\/\/www.unpetitoiseaudanslacuisine.com\/en\/wp-json\/wp\/v2\/comments?post=8310"}],"version-history":[{"count":0,"href":"https:\/\/www.unpetitoiseaudanslacuisine.com\/en\/wp-json\/wp\/v2\/pages\/8310\/revisions"}],"wp:featuredmedia":[{"embeddable":true,"href":"https:\/\/www.unpetitoiseaudanslacuisine.com\/en\/wp-json\/wp\/v2\/media\/8313"}],"wp:attachment":[{"href":"https:\/\/www.unpetitoiseaudanslacuisine.com\/en\/wp-json\/wp\/v2\/media?parent=8310"}],"curies":[{"name":"wp","href":"https:\/\/api.w.org\/{rel}","templated":true}]}}