{"id":996,"date":"2015-08-23T21:38:39","date_gmt":"2015-08-23T20:38:39","guid":{"rendered":"https:\/\/www.unpetitoiseaudanslacuisine.com\/?page_id=996"},"modified":"2020-01-11T18:54:28","modified_gmt":"2020-01-11T17:54:28","slug":"mentions-legales","status":"publish","type":"page","link":"https:\/\/www.unpetitoiseaudanslacuisine.com\/en\/mentions-legales\/","title":{"rendered":"MENTIONS LEGALES"},"content":{"rendered":"<h3 style=\"text-align: justify;\">Editeur<\/h3>\n<p style=\"text-align: justify;\">Le blog\u00a0<strong>www.unpetitoiseaudanslacuisine.com<\/strong>\u00a0est \u00e9dit\u00e9 par Blackprada. Il est h\u00e9berg\u00e9 par la soci\u00e9t\u00e9\u00a0<strong>WPServeur<\/strong>, 7 rue de la Cit\u00e9 Foulc 30000 N\u00eemes.<\/p>\n<h3 style=\"text-align: justify;\"><strong>Responsabilit\u00e9s<\/strong><\/h3>\n<p style=\"text-align: justify;\">Le blog\u00a0<strong>www.unpetitoiseaudanslacuisine.com<\/strong> met \u00e0 disposition des utilisateurs du contenu informatif gratuit. Il est de la responsabilit\u00e9 de l\u2019utilisateur de s\u2019assurer de la pertinence des contenus propos\u00e9s. L\u2019utilisateur ne pourra pas tenir pour responsable l\u2019\u00e9diteur du blog de toute utilisation des informations fournies.<\/p>\n<h3 style=\"text-align: justify;\"><strong>Newsletter et traitement des donn\u00e9es personnelles\u00a0<\/strong><\/h3>\n<p style=\"text-align: justify;\">L\u2019utilisateur a la possibilit\u00e9 de s\u2019inscrire \u00e0 la newsletter Un petit oiseau dans la cuisine. Dans ce cas, il accepte de recevoir des messages informatifs de la part de l\u2019\u00e9diteur. L\u2019utilisateur \u00e0 la possibilit\u00e9 de se d\u00e9sinscrire \u00e0 tout moment en cliquant sur le lien de d\u00e9sinscription, qui se trouve dans chaque email envoy\u00e9 par Un petit oiseau dans la cuisine.<\/p>\n<p style=\"text-align: justify;\">L\u2019\u00e9diteur s\u2019engage \u00e0 ne jamais communiquer vos informations personnelles \u00e0 un tiers et \u00e0 ne pas les revendre.<\/p>\n<h3 style=\"text-align: justify;\"><strong>Copyright<\/strong><\/h3>\n<p style=\"text-align: justify;\">L\u2019ensemble des publications, textes, images et vid\u00e9os, pr\u00e9sent\u00e9s sur ce blog appartiennent \u00e0 <strong>www.unpetitoiseaudanslacuisine.com<\/strong>, sauf mention contraire. Il est interdit de les copier, reproduire ou redistribuer sous quelque forme que ce soit, \u00e0 moins d\u2019une autorisation pr\u00e9alable.<\/p>\n<h3 style=\"text-align: justify;\"><strong>Affiliation<\/strong><\/h3>\n<p style=\"text-align: justify;\">Lorsque l\u2019\u00e9diteur pr\u00e9sente certains produits, il peut arriver que ceux-ci soient des liens d\u2019affili\u00e9s. Les produits propos\u00e9s sont toujours en ad\u00e9quation avec la ligne \u00e9ditoriale et les valeurs de l\u2019\u00e9diteur. Que l\u2019utilisateur passe ou non par ces liens, cela n\u2019a aucune incidence sur les montants de la prestation propos\u00e9es. L\u2019utilisateur peut choisir \u00e0 tout moment de ne pas passer par ce lien d\u2019affili\u00e9.<\/p>\n<h2 id=\"cookies\" style=\"text-align: justify;\">MENTIONS RELATIVES AUX COOKIES<\/h2>\n<h3 style=\"text-align: justify;\">Qu\u2019est-ce qu\u2019un cookie et \u00e0 quoi sert-il ?<\/h3>\n<p style=\"text-align: justify;\">Un\u00a0<a class=\"glossaryLink \" title=\"Glossary: Cookie\" href=\"http:\/\/blogbuster.fr\/glossary\/cookie\/\" target=\"_blank\" rel=\"noopener noreferrer\" data-tooltip=\"Fichier texte qui permet d'identifier l'internaute de fa\u00e7on unique et anonymis\u00e9e.\">cookie<\/a>\u00a0(ou t\u00e9moin de connexion) est un fichier texte susceptible d\u2019\u00eatre enregistr\u00e9, sous r\u00e9serve de vos choix, dans un espace d\u00e9di\u00e9 du disque dur de votre terminal (ordinateur, tablette \u2026) \u00e0 l\u2019occasion de la consultation d\u2019un service en ligne gr\u00e2ce \u00e0 votre logiciel de navigation.<br \/>\nIl est transmis par le serveur d\u2019un site internet \u00e0 votre navigateur. A chaque cookie est attribu\u00e9 un identifiant anonyme. Le fichier cookie permet \u00e0 son \u00e9metteur d\u2019identifier le terminal dans lequel il est enregistr\u00e9 pendant la dur\u00e9e de validit\u00e9 ou d\u2019enregistrement du cookie concern\u00e9. Un cookie ne permet pas de remonter \u00e0 une personne physique.<br \/>\nLorsque vous consultez le site <strong>www.unpetitoiseaudanslacuisine.com<\/strong>, nous pouvons \u00eatre amen\u00e9s \u00e0 installer, sous r\u00e9serve de votre choix, diff\u00e9rents cookies et notamment des cookies publicitaires.<\/p>\n<h2 style=\"text-align: justify;\">Quels types de cookies sont d\u00e9pos\u00e9s par le site Web ?<\/h2>\n<h3 style=\"text-align: justify;\">Cookie publicitaires\u00a0Google AdSense<\/h3>\n<p style=\"text-align: justify;\">Des services tiers de publicit\u00e9s comme la r\u00e9gie\u00a0<a class=\"glossaryLink \" title=\"Glossary: AdSense\" href=\"http:\/\/blogbuster.fr\/glossary\/adsense\/\" target=\"_blank\" rel=\"noopener noreferrer\" data-tooltip=\"AdSense est la r\u00e9gie publicitaire de Google. Plus de 2 millions d'\u00e9diteurs (gros sites ou petits blogs) dans le monde diffusent des annonces publicitaires avec AdSense. \">Adsense<\/a>\u00a0(et ses partenaires)\u00a0contr\u00f4lent des cookies depuis leurs espaces publicitaires.\u00a0Pour en savoir plus sur les annonces cibl\u00e9es de Google, cliquez sur le\u00a0<a class=\"glossaryLink \" title=\"Glossary: Lien\" href=\"http:\/\/blogbuster.fr\/glossary\/lien\/\" target=\"_blank\" rel=\"noopener noreferrer\" data-tooltip=\"\u00c9l\u00e9ment cliquable dans une page qui permet d'acc\u00e9der \u00e0 une nouvelle page.\">lien<\/a>\u00a0suivant :\u00a0<a href=\"http:\/\/www.google.com\/intl\/fr\/policies\/privacy\/\" target=\"_blank\" rel=\"noopener noreferrer\">r\u00e8gles de confidentialit\u00e9<\/a><\/p>\n<p style=\"text-align: justify;\">Le pr\u00e9sent site Internet n\u2019est pas responsable de la gestion et de la dur\u00e9e de vie de ces cookies tiers et vous invite \u00e0 prendre connaissance de la politique de chacun de ces prestataires.<\/p>\n<p style=\"text-align: justify;\">Ils ont pour but de vous adresser des publicit\u00e9s personnalis\u00e9es adapt\u00e9es \u00e0 vos attentes. Aucune donn\u00e9es personnelles telles que vos nom, pr\u00e9nom, adresse postale ou \u00e9lectronique, etc. ne sera transmis \u00e0 ces tiers partenaires dont l\u2019intervention sur le site web se limite au d\u00e9p\u00f4t de cookie par le biais des contenus publicitaires qu\u2019ils g\u00e8rent.<\/p>\n<p style=\"text-align: justify;\">Le pr\u00e9sent site Web et n\u2019a aucun contr\u00f4le sur ces cookies.<\/p>\n<h3 style=\"text-align: justify;\">Cookies de Statistiques Google Analytics<\/h3>\n<p style=\"text-align: justify;\">Ces cookies permettent d\u2019\u00e9tablir des statistiques de fr\u00e9quentation du site <strong>www.unpetitoiseaudanslacuisine.com<\/strong> et de d\u00e9tecter des probl\u00e8mes de navigation afin de suivre et d\u2019am\u00e9liorer la qualit\u00e9 de nos services.<\/p>\n<h3 style=\"text-align: justify;\">Exercez vos choix selon le navigateur que vous utilisez<\/h3>\n<p style=\"text-align: justify;\">Vous pouvez \u00e0 tout moment param\u00e9trer votre navigateur afin d\u2019exprimer et de modifier vos souhaits en mati\u00e8re de cookies et notamment concernant les cookies de statistique. Vous pouvez exprimer vos choix en param\u00e9trant votre navigateur de fa\u00e7on \u00e0 refuser certains cookies.<\/p>\n<p style=\"text-align: justify;\">Si vous refusez nos cookies et ceux de nos partenaires, votre\u00a0visite ne sera plus comptabilis\u00e9e dans Google Analytics et vous ne pourrez plus b\u00e9n\u00e9ficier d\u2019un certain nombre de fonctionnalit\u00e9s qui sont n\u00e9anmoins n\u00e9cessaires pour naviguer dans certaines de nos pages.<br \/>\nNous vous informons que vous pouvez toutefois vous opposer \u00e0 l\u2019enregistrement de cookies en suivant le mode op\u00e9ratoire disponible ci-dessous :<\/p>\n<p style=\"text-align: justify;\"><strong>Sur Internet Explorer<\/strong><br \/>\n1. Allez dans Outils &gt; Options Internet.<br \/>\n2. Cliquez sur l\u2019onglet confidentialit\u00e9.<br \/>\n3. Cliquez sur le bouton avanc\u00e9, cochez la case \u00a0\u00bb Ignorer la gestion automatique des cookies\u00a0\u00bb.<\/p>\n<p style=\"text-align: justify;\"><strong>Sur Firefox<\/strong><br \/>\n1. En haut de la fen\u00eatre de Firefox, cliquez sur le bouton Firefox (menu Outils sous Windows XP), puis s\u00e9lectionnez Options.<br \/>\n2. S\u00e9lectionnez le panneau Vie priv\u00e9e.<br \/>\n3. Param\u00e9trez R\u00e8gles de conservation : \u00e0 utiliser les param\u00e8tres personnalis\u00e9s pour l\u2019historique.<br \/>\n4. D\u00e9cochez Accepter les cookies.<\/p>\n<p style=\"text-align: justify;\"><strong>Sur Chrome<\/strong><br \/>\n1. Cliquez sur l\u2019ic\u00f4ne repr\u00e9sentant une cl\u00e9 \u00e0 molette qui est situ\u00e9e dans la barre d\u2019outils du navigateur.<br \/>\n2. S\u00e9lectionnez Param\u00e8tres.<br \/>\n3. Cliquez sur Afficher les param\u00e8tres avanc\u00e9s.<br \/>\n4. Dans la section \u00ab\u00a0Confidentialit\u00e9\u00a0\u00bb, cliquez sur le bouton Param\u00e8tres de contenu.<br \/>\n5. Dans la section \u00ab\u00a0Cookies\u00a0\u00bb, vous pouvez bloquer les cookies et donn\u00e9es de sites tiers<\/p>\n<p style=\"text-align: justify;\"><strong>Sur Safari<\/strong><br \/>\n1. Allez dans R\u00e9glages &gt; Pr\u00e9f\u00e9rences<br \/>\n2. Cliquez sur l\u2019onglet Confidentialit\u00e9<br \/>\n3. Dans la zone \u00a0\u00bb Bloquer les cookies \u00ab\u00a0, cochez la case \u00ab\u00a0toujours\u00a0\u00bb<\/p>\n<p style=\"text-align: justify;\"><strong>Sur Op\u00e9ra<\/strong><br \/>\n1. Allez dans R\u00e9glages &gt; Pr\u00e9f\u00e9rences<br \/>\n2. Cliquez sur l\u2019onglet avanc\u00e9es<br \/>\n3. Dans la zone \u00a0\u00bb Cookies \u00ab\u00a0, cochez la case \u00a0\u00bb Ne jamais accepter les cookies\u00a0\u00bb<\/p>\n<h3 style=\"text-align: justify;\">Les cookies de partage des r\u00e9seaux sociaux<\/h3>\n<p style=\"text-align: justify;\">Sur certaines pages de <strong>www.unpetitoiseaudanslacuisine.com<\/strong> figurent des boutons ou modules de r\u00e9seaux sociaux tiers qui vous permettent d\u2019exploiter les fonctionnalit\u00e9s de ces r\u00e9seaux et en particulier de partager des contenus pr\u00e9sents sur <strong>www.unpetitoiseaudanslacuisine.com<\/strong> avec d\u2019autres personnes.<br \/>\nLorsque vous vous rendez sur une page internet sur laquelle se trouve un de ces boutons ou modules, votre navigateur peut envoyer des informations au\u00a0<a class=\"glossaryLink \" title=\"Glossary: R\u00e9seau social\" href=\"http:\/\/blogbuster.fr\/glossary\/reseau-social\/\" target=\"_blank\" rel=\"noopener noreferrer\" data-tooltip=\"Espace communautaire en ligne ou les individus d'un m\u00eame groupe sont reli\u00e9s entre eux et peuvent communiquer de fa\u00e7on priv\u00e9e ou public\">r\u00e9seau social<\/a>\u00a0qui peut alors associer cette visualisation \u00e0 votre profil.<\/p>\n<p style=\"text-align: justify;\">Des cookies des r\u00e9seaux sociaux, dont nous n\u2019avons pas\u00a0la ma\u00eetrise, peuvent \u00eatre alors \u00eatre d\u00e9pos\u00e9s dans votre navigateur par ces r\u00e9seaux. Nous vous invitons \u00e0 consulter les politiques de confidentialit\u00e9 propres \u00e0 chacun de ces sites de r\u00e9seaux sociaux, afin de prendre connaissance des finalit\u00e9s d\u2019utilisation des informations de navigation que peuvent recueillir les r\u00e9seaux sociaux gr\u00e2ce \u00e0 ces boutons et modules.<br \/>\n\u2013\u00a0<a href=\"http:\/\/www.facebook.com\/\">Facebook<\/a><br \/>\n\u2013\u00a0<a href=\"http:\/\/www.twitter.com\/\">Twitter<\/a><br \/>\n\u2013\u00a0<a href=\"http:\/\/plus.google.com\/\">Google+<\/a><br \/>\n\u2013\u00a0<a href=\"http:\/\/www.linkedin.com\/\">LinkedIn<\/a><\/p>\n","protected":false},"excerpt":{"rendered":"<p>Editeur Le blog\u00a0www.unpetitoiseaudanslacuisine.com\u00a0est \u00e9dit\u00e9 par Blackprada. Il est h\u00e9berg\u00e9 par la soci\u00e9t\u00e9\u00a0WPServeur, 7 rue de la Cit\u00e9 Foulc 30000 N\u00eemes. Responsabilit\u00e9s Le blog\u00a0www.unpetitoiseaudanslacuisine.com met \u00e0 disposition des utilisateurs du contenu informatif gratuit. Il est de la responsabilit\u00e9 de l\u2019utilisateur de s\u2019assurer de la pertinence des contenus propos\u00e9s. L\u2019utilisateur ne pourra pas tenir pour responsable l\u2019\u00e9diteur [&hellip;]<\/p>\n","protected":false},"author":2,"featured_media":0,"parent":0,"menu_order":0,"comment_status":"closed","ping_status":"closed","template":"","meta":{"wprm-recipe-roundup-name":"","wprm-recipe-roundup-description":"","_exactmetrics_skip_tracking":false,"_exactmetrics_sitenote_active":false,"_exactmetrics_sitenote_note":"","_exactmetrics_sitenote_category":0,"jetpack_post_was_ever_published":false,"footnotes":""},"class_list":["post-996","page","type-page","status-publish","hentry"],"translation":{"provider":"WPGlobus","version":"2.10.10","language":"en","enabled_languages":["fr","en"],"languages":{"fr":{"title":true,"content":true,"excerpt":false},"en":{"title":false,"content":false,"excerpt":false}}},"yoast_head":"<!-- This site is optimized with the Yoast SEO Premium plugin v19.5 (Yoast SEO v20.5) - https:\/\/yoast.com\/wordpress\/plugins\/seo\/ -->\n<title>MENTIONS LEGALES - Un petit Oiseau dans la Cuisine<\/title>\n<meta name=\"robots\" content=\"index, follow, max-snippet:-1, max-image-preview:large, max-video-preview:-1\" \/>\n<link rel=\"canonical\" href=\"https:\/\/www.unpetitoiseaudanslacuisine.com\/mentions-legales\/\" \/>\n<meta property=\"og:locale\" content=\"en_US\" \/>\n<meta property=\"og:type\" content=\"article\" \/>\n<meta property=\"og:title\" content=\"MENTIONS LEGALES - Un petit Oiseau dans la Cuisine\" \/>\n<meta property=\"og:url\" content=\"https:\/\/www.unpetitoiseaudanslacuisine.com\/mentions-legales\/\" \/>\n<meta property=\"og:site_name\" content=\"Un petit Oiseau dans la Cuisine\" \/>\n<meta property=\"article:publisher\" content=\"https:\/\/www.facebook.com\/unpetitoiseaudanslacuisine?ref=hl\" \/>\n<meta property=\"article:modified_time\" content=\"2020-01-11T17:54:28+00:00\" \/>\n<meta name=\"twitter:card\" content=\"summary_large_image\" \/>\n<meta name=\"twitter:site\" content=\"@Blakprada\" \/>\n<meta name=\"twitter:label1\" content=\"Est. reading time\" \/>\n\t<meta name=\"twitter:data1\" content=\"6 minutes\" \/>\n<script type=\"application\/ld+json\" class=\"yoast-schema-graph\">{\"@context\":\"https:\/\/schema.org\",\"@graph\":[{\"@type\":\"WebPage\",\"@id\":\"https:\/\/www.unpetitoiseaudanslacuisine.com\/mentions-legales\/\",\"url\":\"https:\/\/www.unpetitoiseaudanslacuisine.com\/mentions-legales\/\",\"name\":\"MENTIONS LEGALES - Un petit Oiseau dans la Cuisine\",\"isPartOf\":{\"@id\":\"https:\/\/www.unpetitoiseaudanslacuisine.com\/#website\"},\"datePublished\":\"2015-08-23T20:38:39+00:00\",\"dateModified\":\"2020-01-11T17:54:28+00:00\",\"breadcrumb\":{\"@id\":\"https:\/\/www.unpetitoiseaudanslacuisine.com\/mentions-legales\/#breadcrumb\"},\"inLanguage\":\"en-US\",\"potentialAction\":[{\"@type\":\"ReadAction\",\"target\":[\"https:\/\/www.unpetitoiseaudanslacuisine.com\/mentions-legales\/\"]}]},{\"@type\":\"BreadcrumbList\",\"@id\":\"https:\/\/www.unpetitoiseaudanslacuisine.com\/mentions-legales\/#breadcrumb\",\"itemListElement\":[{\"@type\":\"ListItem\",\"position\":1,\"name\":\"Accueil\",\"item\":\"https:\/\/www.unpetitoiseaudanslacuisine.com\/\"},{\"@type\":\"ListItem\",\"position\":2,\"name\":\"MENTIONS LEGALES\"}]},{\"@type\":\"WebSite\",\"@id\":\"https:\/\/www.unpetitoiseaudanslacuisine.com\/#website\",\"url\":\"https:\/\/www.unpetitoiseaudanslacuisine.com\/\",\"name\":\"Un petit Oiseau dans la Cuisine\",\"description\":\"Amazing food for healthy people\",\"publisher\":{\"@id\":\"https:\/\/www.unpetitoiseaudanslacuisine.com\/#organization\"},\"potentialAction\":[{\"@type\":\"SearchAction\",\"target\":{\"@type\":\"EntryPoint\",\"urlTemplate\":\"https:\/\/www.unpetitoiseaudanslacuisine.com\/?s={search_term_string}\"},\"query-input\":\"required name=search_term_string\"}],\"inLanguage\":\"en-US\"},{\"@type\":\"Organization\",\"@id\":\"https:\/\/www.unpetitoiseaudanslacuisine.com\/#organization\",\"name\":\"Un petit Oiseau dans la Cuisine\",\"url\":\"https:\/\/www.unpetitoiseaudanslacuisine.com\/\",\"logo\":{\"@type\":\"ImageObject\",\"inLanguage\":\"en-US\",\"@id\":\"https:\/\/www.unpetitoiseaudanslacuisine.com\/#\/schema\/logo\/image\/\",\"url\":\"https:\/\/www.unpetitoiseaudanslacuisine.com\/wp-content\/uploads\/2019\/12\/Copy-of-Copy-of-Copy-of-Copy-of-Copy-of-Copy-of-Copy-of-Copy-of-Copy-of-Copy-of-LOGO-3.png\",\"contentUrl\":\"https:\/\/www.unpetitoiseaudanslacuisine.com\/wp-content\/uploads\/2019\/12\/Copy-of-Copy-of-Copy-of-Copy-of-Copy-of-Copy-of-Copy-of-Copy-of-Copy-of-Copy-of-LOGO-3.png\",\"width\":960,\"height\":540,\"caption\":\"Un petit Oiseau dans la Cuisine\"},\"image\":{\"@id\":\"https:\/\/www.unpetitoiseaudanslacuisine.com\/#\/schema\/logo\/image\/\"},\"sameAs\":[\"https:\/\/www.facebook.com\/unpetitoiseaudanslacuisine?ref=hl\",\"https:\/\/twitter.com\/Blakprada\"]}]}<\/script>\n<!-- \/ Yoast SEO Premium plugin. -->","yoast_head_json":{"title":"MENTIONS LEGALES - Un petit Oiseau dans la Cuisine","robots":{"index":"index","follow":"follow","max-snippet":"max-snippet:-1","max-image-preview":"max-image-preview:large","max-video-preview":"max-video-preview:-1"},"canonical":"https:\/\/www.unpetitoiseaudanslacuisine.com\/mentions-legales\/","og_locale":"en_US","og_type":"article","og_title":"MENTIONS LEGALES - Un petit Oiseau dans la Cuisine","og_url":"https:\/\/www.unpetitoiseaudanslacuisine.com\/mentions-legales\/","og_site_name":"Un petit Oiseau dans la Cuisine","article_publisher":"https:\/\/www.facebook.com\/unpetitoiseaudanslacuisine?ref=hl","article_modified_time":"2020-01-11T17:54:28+00:00","twitter_card":"summary_large_image","twitter_site":"@Blakprada","twitter_misc":{"Est. reading time":"6 minutes"},"schema":{"@context":"https:\/\/schema.org","@graph":[{"@type":"WebPage","@id":"https:\/\/www.unpetitoiseaudanslacuisine.com\/mentions-legales\/","url":"https:\/\/www.unpetitoiseaudanslacuisine.com\/mentions-legales\/","name":"MENTIONS LEGALES - Un petit Oiseau dans la Cuisine","isPartOf":{"@id":"https:\/\/www.unpetitoiseaudanslacuisine.com\/#website"},"datePublished":"2015-08-23T20:38:39+00:00","dateModified":"2020-01-11T17:54:28+00:00","breadcrumb":{"@id":"https:\/\/www.unpetitoiseaudanslacuisine.com\/mentions-legales\/#breadcrumb"},"inLanguage":"en-US","potentialAction":[{"@type":"ReadAction","target":["https:\/\/www.unpetitoiseaudanslacuisine.com\/mentions-legales\/"]}]},{"@type":"BreadcrumbList","@id":"https:\/\/www.unpetitoiseaudanslacuisine.com\/mentions-legales\/#breadcrumb","itemListElement":[{"@type":"ListItem","position":1,"name":"Accueil","item":"https:\/\/www.unpetitoiseaudanslacuisine.com\/"},{"@type":"ListItem","position":2,"name":"MENTIONS LEGALES"}]},{"@type":"WebSite","@id":"https:\/\/www.unpetitoiseaudanslacuisine.com\/#website","url":"https:\/\/www.unpetitoiseaudanslacuisine.com\/","name":"Un petit Oiseau dans la Cuisine","description":"Amazing food for healthy people","publisher":{"@id":"https:\/\/www.unpetitoiseaudanslacuisine.com\/#organization"},"potentialAction":[{"@type":"SearchAction","target":{"@type":"EntryPoint","urlTemplate":"https:\/\/www.unpetitoiseaudanslacuisine.com\/?s={search_term_string}"},"query-input":"required name=search_term_string"}],"inLanguage":"en-US"},{"@type":"Organization","@id":"https:\/\/www.unpetitoiseaudanslacuisine.com\/#organization","name":"Un petit Oiseau dans la Cuisine","url":"https:\/\/www.unpetitoiseaudanslacuisine.com\/","logo":{"@type":"ImageObject","inLanguage":"en-US","@id":"https:\/\/www.unpetitoiseaudanslacuisine.com\/#\/schema\/logo\/image\/","url":"https:\/\/www.unpetitoiseaudanslacuisine.com\/wp-content\/uploads\/2019\/12\/Copy-of-Copy-of-Copy-of-Copy-of-Copy-of-Copy-of-Copy-of-Copy-of-Copy-of-Copy-of-LOGO-3.png","contentUrl":"https:\/\/www.unpetitoiseaudanslacuisine.com\/wp-content\/uploads\/2019\/12\/Copy-of-Copy-of-Copy-of-Copy-of-Copy-of-Copy-of-Copy-of-Copy-of-Copy-of-Copy-of-LOGO-3.png","width":960,"height":540,"caption":"Un petit Oiseau dans la Cuisine"},"image":{"@id":"https:\/\/www.unpetitoiseaudanslacuisine.com\/#\/schema\/logo\/image\/"},"sameAs":["https:\/\/www.facebook.com\/unpetitoiseaudanslacuisine?ref=hl","https:\/\/twitter.com\/Blakprada"]}]}},"jetpack_sharing_enabled":true,"jetpack_shortlink":"https:\/\/wp.me\/P87SV0-g4","jetpack-related-posts":[{"id":1645,"url":"https:\/\/www.unpetitoiseaudanslacuisine.com\/en\/newsletter\/","url_meta":{"origin":996,"position":0},"title":"Newsletter","date":"22 September 2015","format":false,"excerpt":"{:fr} Une Newsletter ? Vite inscrivez vous ! Adresse email: {:}{:en} A Newsletter ? Hurry up and subscribe ! Email Address: {:}","rel":"","context":"Similar post","img":{"alt_text":"","src":"https:\/\/i0.wp.com\/www.unpetitoiseaudanslacuisine.com\/wp-content\/uploads\/2015\/08\/IMG_33764.jpg?resize=350%2C200&ssl=1","width":350,"height":200},"classes":[]},{"id":10752,"url":"https:\/\/www.unpetitoiseaudanslacuisine.com\/en\/blog-culinaire\/","url_meta":{"origin":996,"position":1},"title":"Blog culinaire","date":"6 May 2021","format":false,"excerpt":"{:fr}RECETTES SALEES RECETTES SUCREES DERNIERES RECETTES{:}{:en}SAVOURY RECIPES SWEET RECIPES LAST RECIPES{:}","rel":"","context":"Similar post","img":{"alt_text":"","src":"","width":0,"height":0},"classes":[]},{"id":262,"url":"https:\/\/www.unpetitoiseaudanslacuisine.com\/en\/about\/","url_meta":{"origin":996,"position":2},"title":"About","date":"20 August 2015","format":false,"excerpt":"{:fr}Une passion pour la cuisine, le partage et la photographie culinaire Je suis Eva, auteure du blog culinaire, Un petit Oiseau dans la Cuisine, photographe, styliste et cr\u00e9atrice d'\u00e9v\u00e8nement culinaire. Du d\u00e9veloppement de recettes, en passant par la mise en sc\u00e8ne et la photographie culinaire, \u00e0 la r\u00e9alisation d'ateliers culinaires\u2026","rel":"","context":"Similar post","img":{"alt_text":"","src":"https:\/\/i0.wp.com\/www.unpetitoiseaudanslacuisine.com\/wp-content\/uploads\/cache\/2015\/08\/Image-1\/2419870566.jpg?resize=350%2C200&ssl=1","width":350,"height":200},"classes":[]},{"id":2611,"url":"https:\/\/www.unpetitoiseaudanslacuisine.com\/en\/partenaires\/","url_meta":{"origin":996,"position":3},"title":"Partenaires","date":"15 November 2015","format":false,"excerpt":"Les partenaires que j'ai choisi et qui me font confiance ! Le chocolatier fran\u00e7ais Bio et Equitable le plus engag\u00e9 \u00e0 la source du cacao. Sp\u00e9cialiste des chocolats biologiques et aromatiques d'exception depuis plus de 20 ans, Kaoka int\u00e8gre le m\u00e9tier de chocolatier, de la fermentation des f\u00e8ves de cacao\u2026","rel":"","context":"Similar post","img":{"alt_text":"","src":"https:\/\/i0.wp.com\/www.unpetitoiseaudanslacuisine.com\/wp-content\/uploads\/2015\/11\/Image-1.jpg?fit=640%2C960&ssl=1&resize=350%2C200","width":350,"height":200},"classes":[]},{"id":10754,"url":"https:\/\/www.unpetitoiseaudanslacuisine.com\/en\/portfolio\/","url_meta":{"origin":996,"position":4},"title":"Portfolio","date":"6 May 2021","format":false,"excerpt":"{:fr}CREATION RECETTES Le portfolio recettes, c'est par ici PHOTOGRAPHIES PRODUITS Le portfolio produits, c'est par ici {:}{:en}RECIPES CREATION For recipes portfolio, click here PRODUCTS PHOTOGRAPHIES For products portfolio, click here {:}","rel":"","context":"Similar post","img":{"alt_text":"","src":"https:\/\/i0.wp.com\/www.unpetitoiseaudanslacuisine.com\/wp-content\/uploads\/2021\/05\/da94a1e4-e5f7-430d-9517-5e968ac4c07b-770x1024.jpg?resize=350%2C200&ssl=1","width":350,"height":200},"classes":[]},{"id":10341,"url":"https:\/\/www.unpetitoiseaudanslacuisine.com\/en\/boutique\/","url_meta":{"origin":996,"position":5},"title":"Boutique","date":"5 March 2021","format":false,"excerpt":"","rel":"","context":"Similar post","img":{"alt_text":"","src":"","width":0,"height":0},"classes":[]}],"_links":{"self":[{"href":"https:\/\/www.unpetitoiseaudanslacuisine.com\/en\/wp-json\/wp\/v2\/pages\/996","targetHints":{"allow":["GET"]}}],"collection":[{"href":"https:\/\/www.unpetitoiseaudanslacuisine.com\/en\/wp-json\/wp\/v2\/pages"}],"about":[{"href":"https:\/\/www.unpetitoiseaudanslacuisine.com\/en\/wp-json\/wp\/v2\/types\/page"}],"author":[{"embeddable":true,"href":"https:\/\/www.unpetitoiseaudanslacuisine.com\/en\/wp-json\/wp\/v2\/users\/2"}],"replies":[{"embeddable":true,"href":"https:\/\/www.unpetitoiseaudanslacuisine.com\/en\/wp-json\/wp\/v2\/comments?post=996"}],"version-history":[{"count":1,"href":"https:\/\/www.unpetitoiseaudanslacuisine.com\/en\/wp-json\/wp\/v2\/pages\/996\/revisions"}],"predecessor-version":[{"id":9712,"href":"https:\/\/www.unpetitoiseaudanslacuisine.com\/en\/wp-json\/wp\/v2\/pages\/996\/revisions\/9712"}],"wp:attachment":[{"href":"https:\/\/www.unpetitoiseaudanslacuisine.com\/en\/wp-json\/wp\/v2\/media?parent=996"}],"curies":[{"name":"wp","href":"https:\/\/api.w.org\/{rel}","templated":true}]}}